{"id":12,"date":"2022-01-03T21:16:46","date_gmt":"2022-01-03T20:16:46","guid":{"rendered":"https:\/\/www.zsmirosovice.cz\/?page_id=12"},"modified":"2022-01-05T15:36:27","modified_gmt":"2022-01-05T14:36:27","slug":"o-skole","status":"publish","type":"page","link":"https:\/\/www.zsmirosovice.cz\/index.php\/o-skole\/","title":{"rendered":"O \u0161kole"},"content":{"rendered":"\n<p>Z\u0160 Miro\u0161ovice je z\u00e1kladn\u00ed \u0161kola pouze pro \u017e\u00e1ky 1. stupn\u011b. V\u00fduka prob\u00edh\u00e1 v p\u011bti t\u0159\u00edd\u00e1ch se dv\u011bma odd\u011blen\u00edmi \u0161koln\u00ed dru\u017einy. Od 1. 1. 2003 m\u00e1 \u0161kola pr\u00e1vn\u00ed subjektivitu, stala se p\u0159\u00edsp\u011bvkovou organizac\u00ed <a href=\"http:\/\/www.mirosovice.cz\/\">Obce Miro\u0161ovice<\/a>. S\u00eddl\u00ed ve spole\u010dn\u00e9 budov\u011b s mate\u0159skou \u0161kolou M\u0160 Miro\u0161ovice, kter\u00e1 je samostatn\u00fdm subjektem. Ve \u0161koln\u00edm roce 2021\/2022 nav\u0161t\u011bvuje \u0161kolu 81 \u017e\u00e1k\u016f, \u0161koln\u00ed dru\u017einu 55 \u017e\u00e1k\u016f.<\/p>\n\n\n\n<p>Dal\u0161\u00ed informace o na\u0161\u00ed \u0161kole naleznete v:<\/p>\n\n\n\n<div class=\"wp-block-buttons is-layout-flex wp-block-buttons-is-layout-flex\">\n<div class=\"wp-block-button is-style-fill\"><a class=\"wp-block-button__link\" href=\"https:\/\/www.zsmirosovice.cz\/index.php\/povinne-zverejnovane-udaje\/\">Povinn\u011b zve\u0159ej\u0148ovan\u00e9 \u00fadaje<\/a><\/div>\n\n\n\n<div class=\"wp-block-button\"><a class=\"wp-block-button__link\" href=\"https:\/\/www.zsmirosovice.cz\/index.php\/dokumenty-formulare\/\">Dokumenty<\/a><\/div>\n\n\n\n<div class=\"wp-block-button\"><a class=\"wp-block-button__link\" href=\"https:\/\/www.zsmirosovice.cz\/index.php\/dokumenty-formulare#formulare\">Formul\u00e1\u0159e<\/a><\/div>\n\n\n\n<div class=\"wp-block-button\"><a class=\"wp-block-button__link\" href=\"https:\/\/www.zsmirosovice.cz\/index.php\/skolska-rada\/\">\u0160kolsk\u00e1 rada<\/a><\/div>\n\n\n\n<div class=\"wp-block-button\"><a class=\"wp-block-button__link\" href=\"https:\/\/www.zsmirosovice.cz\/index.php\/projekty\/\">Projekty<\/a><\/div>\n<\/div>\n\n\n\n<p><\/p>\n","protected":false},"excerpt":{"rendered":"<p>Z\u0160 Miro\u0161ovice je z\u00e1kladn\u00ed \u0161kola pouze pro \u017e\u00e1ky 1. stupn\u011b. V\u00fduka prob\u00edh\u00e1 v p\u011bti t\u0159\u00edd\u00e1ch se dv\u011bma odd\u011blen\u00edmi \u0161koln\u00ed dru\u017einy. Od 1. 1. 2003 m\u00e1 \u0161kola pr\u00e1vn\u00ed subjektivitu, stala se p\u0159\u00edsp\u011bvkovou organizac\u00ed Obce Miro\u0161ovice. S\u00eddl\u00ed ve spole\u010dn\u00e9 budov\u011b s mate\u0159skou [&hellip;]<\/p>\n","protected":false},"author":8,"featured_media":0,"parent":0,"menu_order":0,"comment_status":"closed","ping_status":"closed","template":"","meta":{"footnotes":""},"class_list":["post-12","page","type-page","status-publish","hentry"],"_links":{"self":[{"href":"https:\/\/www.zsmirosovice.cz\/index.php\/wp-json\/wp\/v2\/pages\/12","targetHints":{"allow":["GET"]}}],"collection":[{"href":"https:\/\/www.zsmirosovice.cz\/index.php\/wp-json\/wp\/v2\/pages"}],"about":[{"href":"https:\/\/www.zsmirosovice.cz\/index.php\/wp-json\/wp\/v2\/types\/page"}],"author":[{"embeddable":true,"href":"https:\/\/www.zsmirosovice.cz\/index.php\/wp-json\/wp\/v2\/users\/8"}],"replies":[{"embeddable":true,"href":"https:\/\/www.zsmirosovice.cz\/index.php\/wp-json\/wp\/v2\/comments?post=12"}],"version-history":[{"count":7,"href":"https:\/\/www.zsmirosovice.cz\/index.php\/wp-json\/wp\/v2\/pages\/12\/revisions"}],"predecessor-version":[{"id":169,"href":"https:\/\/www.zsmirosovice.cz\/index.php\/wp-json\/wp\/v2\/pages\/12\/revisions\/169"}],"wp:attachment":[{"href":"https:\/\/www.zsmirosovice.cz\/index.php\/wp-json\/wp\/v2\/media?parent=12"}],"curies":[{"name":"wp","href":"https:\/\/api.w.org\/{rel}","templated":true}]}}