{"id":14,"date":"2022-01-03T21:16:47","date_gmt":"2022-01-03T20:16:47","guid":{"rendered":"https:\/\/www.zsmirosovice.cz\/?page_id=14"},"modified":"2022-01-05T14:51:53","modified_gmt":"2022-01-05T13:51:53","slug":"skolni-druzina","status":"publish","type":"page","link":"https:\/\/www.zsmirosovice.cz\/index.php\/skolni-druzina\/","title":{"rendered":"\u0160koln\u00ed dru\u017eina"},"content":{"rendered":"<h2 style=\"text-align: left;\">Provoz \u0161koln\u00ed dru\u017einy<\/h2>\n<ul style=\"text-align: left;\">\n<li>Pond\u011bl\u00ed: 7:00 &#8211; 16:45<\/li>\n<li>\u00dater\u00fd: 7:00 &#8211; 16:45<\/li>\n<li>St\u0159eda: 7:00 &#8211; 16:45<\/li>\n<li>\u010ctvrtek: 7:00 &#8211; 16:45<\/li>\n<li>P\u00e1tek: 7:00 &#8211; 16:45<\/li>\n<\/ul>\n<h2 style=\"text-align: left;\">Vychovatelky<\/h2>\n<ol style=\"text-align: left;\">\n<li>Odd\u011blen\u00ed &#8211; Olga Adamov\u00e1, po\u010det \u017e\u00e1k\u016f: 28<\/li>\n<li>Odd\u011blen\u00ed &#8211; Jitka Sklen\u00e1\u0159ov\u00e1, po\u010det \u017e\u00e1k\u016f: 27<\/li>\n<\/ol>\n<h2 style=\"text-align: left;\">Kontakt<\/h2>\n<ul>\n<li style=\"text-align: left;\">Telefon: +420 323 656 068<\/li>\n<li style=\"text-align: left;\">Email: <a href=\"mailto:druzina@zsmirosovice.cz\">druzina@zsmirosovice.cz<\/a><\/li>\n<\/ul>\n","protected":false},"excerpt":{"rendered":"<p>Provoz \u0161koln\u00ed dru\u017einy Pond\u011bl\u00ed: 7:00 &#8211; 16:45 \u00dater\u00fd: 7:00 &#8211; 16:45 St\u0159eda: 7:00 &#8211; 16:45 \u010ctvrtek: 7:00 &#8211; 16:45 P\u00e1tek: 7:00 &#8211; 16:45 Vychovatelky Odd\u011blen\u00ed &#8211; Olga Adamov\u00e1, po\u010det \u017e\u00e1k\u016f: 28 Odd\u011blen\u00ed &#8211; Jitka Sklen\u00e1\u0159ov\u00e1, po\u010det \u017e\u00e1k\u016f: 27 Kontakt Telefon: [&hellip;]<\/p>\n","protected":false},"author":8,"featured_media":0,"parent":0,"menu_order":0,"comment_status":"closed","ping_status":"closed","template":"","meta":{"footnotes":""},"class_list":["post-14","page","type-page","status-publish","hentry"],"_links":{"self":[{"href":"https:\/\/www.zsmirosovice.cz\/index.php\/wp-json\/wp\/v2\/pages\/14","targetHints":{"allow":["GET"]}}],"collection":[{"href":"https:\/\/www.zsmirosovice.cz\/index.php\/wp-json\/wp\/v2\/pages"}],"about":[{"href":"https:\/\/www.zsmirosovice.cz\/index.php\/wp-json\/wp\/v2\/types\/page"}],"author":[{"embeddable":true,"href":"https:\/\/www.zsmirosovice.cz\/index.php\/wp-json\/wp\/v2\/users\/8"}],"replies":[{"embeddable":true,"href":"https:\/\/www.zsmirosovice.cz\/index.php\/wp-json\/wp\/v2\/comments?post=14"}],"version-history":[{"count":9,"href":"https:\/\/www.zsmirosovice.cz\/index.php\/wp-json\/wp\/v2\/pages\/14\/revisions"}],"predecessor-version":[{"id":159,"href":"https:\/\/www.zsmirosovice.cz\/index.php\/wp-json\/wp\/v2\/pages\/14\/revisions\/159"}],"wp:attachment":[{"href":"https:\/\/www.zsmirosovice.cz\/index.php\/wp-json\/wp\/v2\/media?parent=14"}],"curies":[{"name":"wp","href":"https:\/\/api.w.org\/{rel}","templated":true}]}}