{"id":176,"date":"2022-01-05T16:11:08","date_gmt":"2022-01-05T15:11:08","guid":{"rendered":"https:\/\/www.zsmirosovice.cz\/?page_id=176"},"modified":"2022-01-05T16:14:44","modified_gmt":"2022-01-05T15:14:44","slug":"prohlaseni-o-pristupnosti","status":"publish","type":"page","link":"https:\/\/www.zsmirosovice.cz\/index.php\/prohlaseni-o-pristupnosti\/","title":{"rendered":"Prohl\u00e1\u0161en\u00ed o p\u0159\u00edstupnosti"},"content":{"rendered":"<p>Z\u00e1kladn\u00ed \u0161kola Miro\u0161ovice, okres Praha \u2013 v\u00fdchod se zavazuje k zp\u0159\u00edstupn\u011bn\u00ed sv\u00e9 internetov\u00e9 str\u00e1nky www.zsmirosovice.cz v souladu se z\u00e1konem \u010d.\u00a099\/2019 Sb., o p\u0159\u00edstupnosti internetov\u00fdch str\u00e1nek a mobiln\u00edch aplikac\u00ed a o zm\u011bn\u011b z\u00e1kona \u010d.\u00a0365\/2000 Sb., o informa\u010dn\u00edch syst\u00e9mech ve\u0159ejn\u00e9 spr\u00e1vy a o zm\u011bn\u011b n\u011bkter\u00fdch dal\u0161\u00edch z\u00e1kon\u016f, ve zn\u011bn\u00ed pozd\u011bj\u0161\u00edch p\u0159edpis\u016f, kter\u00e9 prov\u00e1d\u011bj\u00ed sm\u011brnici Evropsk\u00e9ho parlamentu a Rady (EU) 2016\/2102.<\/p>\n<p>Toto prohl\u00e1\u0161en\u00ed o p\u0159\u00edstupnosti se vztahuje na internetovou str\u00e1nku: www.zsmirosovice.cz<\/p>\n<h2>Stav souladu<\/h2>\n<p>Tato internetov\u00e1 str\u00e1nka je pln\u011b v souladu se z\u00e1konem \u010d. 99\/2019 Sb., o p\u0159\u00edstupnosti internetov\u00fdch str\u00e1nek a mobiln\u00edch aplikac\u00ed a o zm\u011bn\u011b z\u00e1kona \u010d.&nbsp;365\/2000 Sb., o informa\u010dn\u00edch syst\u00e9mech ve\u0159ejn\u00e9 spr\u00e1vy a o zm\u011bn\u011b n\u011bkter\u00fdch dal\u0161\u00edch z\u00e1kon\u016f, ve zn\u011bn\u00ed pozd\u011bj\u0161\u00edch p\u0159edpis\u016f.<\/p>\n<h2>Nep\u0159\u00edstupn\u00fd obsah<\/h2>\n<p>K datu vypracov\u00e1n\u00ed tohoto prohl\u00e1\u0161en\u00ed nebyl zji\u0161t\u011bn \u017e\u00e1dn\u00fd nep\u0159\u00edstupn\u00fd obsah.<\/p>\n<h2>Vypracov\u00e1n\u00ed tohoto prohl\u00e1\u0161en\u00ed o p\u0159\u00edstupnosti<\/h2>\n<p>Toto prohl\u00e1\u0161en\u00ed bylo vypracov\u00e1no dne 5. 1. 2021. Pro vypracov\u00e1n\u00ed tohoto prohl\u00e1\u0161en\u00ed byla v souladu s \u010dl. 3 odst. 1 prov\u00e1d\u011bc\u00edho rozhodnut\u00ed Komise (EU) 2018\/1523 pou\u017eita metoda vlastn\u00edho posouzen\u00ed proveden\u00e9 subjektem ve\u0159ejn\u00e9ho sektoru.<\/p>\n<h2>Zp\u011btn\u00e1 vazba a kontaktn\u00ed \u00fadaje<\/h2>\n<p>V p\u0159\u00edpad\u011b, \u017ee zaznamen\u00e1te probl\u00e9my s p\u0159\u00edstupnost\u00ed internetov\u00fdch str\u00e1nek, obracejte se, pros\u00edm na n\u00ed\u017ee uvedenou organiza\u010dn\u00ed slo\u017eku. Ta v\u00e1m poskytne informace o \u0159e\u0161en\u00ed p\u0159\u00edslu\u0161n\u00fdch probl\u00e9m\u016f v oblasti souladu a na vy\u017e\u00e1d\u00e1n\u00ed poskytne informace o obsahu, kter\u00fd je vy\u0148at z rozsahu p\u016fsobnosti sm\u011brnice Evropsk\u00e9ho parlamentu a Rady (EU) 2016\/2102.<\/p>\n<h3>Za p\u0159\u00edstupnost internetov\u00fdch str\u00e1nek je v organizaci zodpov\u011bdn\u00e1 organiza\u010dn\u00ed slo\u017eka<\/h3>\n<p>IT Specialista<br \/>\nE-mail: <a href=\"mailto:it@zsmirosovice.cz\">it@zsmirosovice.cz<\/a><br \/>\nTel.: +420 323 656 158<\/p>\n<h2>Postupy pro prosazov\u00e1n\u00ed pr\u00e1va<\/h2>\n<p>M\u00e1te pr\u00e1vo na zaji\u0161t\u011bn\u00ed p\u0159\u00edstupnosti t\u00e9 \u010d\u00e1sti internetov\u00fdch str\u00e1nek, kter\u00e1 obsahuje informace o povinn\u00e9m subjektu dle z\u00e1kona \u010d. 106\/1999 Sb., o svobodn\u00e9m p\u0159\u00edstupu k informac\u00edm ve zn\u011bn\u00ed vyhl\u00e1\u0161ky \u010d. 515\/2020 Sb., kterou se stanov\u00ed struktura informac\u00ed zve\u0159ej\u0148ovan\u00fdch o povinn\u00e9m subjektu zp\u016fsobem umo\u017e\u0148uj\u00edc\u00edm d\u00e1lkov\u00fd p\u0159\u00edstup. V p\u0159\u00edpad\u011b, \u017ee tato \u010d\u00e1st internetov\u00fdch str\u00e1nek \u0161koly nebude p\u0159\u00edstupnost zaji\u0161t\u011bna a \u0161kola nebude \u0159\u00e1dn\u011b reagovat na va\u0161e podn\u011bty, m\u00e1te pr\u00e1vo obr\u00e1tit se na n\u00ed\u017ee uveden\u00fd org\u00e1n ur\u010den\u00fd pro prosazov\u00e1n\u00ed va\u0161ich pr\u00e1v.<\/p>\n<h2>Kontaktn\u00ed \u00fadaje p\u0159\u00edslu\u0161n\u00e9ho org\u00e1nu pro prosazov\u00e1n\u00ed pr\u00e1va<\/h2>\n<p>Ministerstvo vnitra<br \/>\nodbor eGovernmentu<br \/>\nn\u00e1m\u011bst\u00ed Hrdin\u016f 1634\/3<br \/>\n140 21 Praha 4<br \/>\ne-mail: <a href=\"mailto:pristupnost@mvcr.cz\">pristupnost@mvcr.cz<\/a><\/p>\n<p>V Miro\u0161ovic\u00edch dne 5. 1. 2022 \u2013 Mgr. Dagmar Pilousov\u00e1 (\u0159editelka \u0161koly)<\/p>\n<p>Prohl\u00e1\u0161en\u00ed bude revidov\u00e1no dne: 1. 8. 2022<\/p>\n","protected":false},"excerpt":{"rendered":"<p>Z\u00e1kladn\u00ed \u0161kola Miro\u0161ovice, okres Praha \u2013 v\u00fdchod se zavazuje k zp\u0159\u00edstupn\u011bn\u00ed sv\u00e9 internetov\u00e9 str\u00e1nky www.zsmirosovice.cz v souladu se z\u00e1konem \u010d.\u00a099\/2019 Sb., o p\u0159\u00edstupnosti internetov\u00fdch str\u00e1nek a mobiln\u00edch aplikac\u00ed a o zm\u011bn\u011b z\u00e1kona \u010d.\u00a0365\/2000 Sb., o informa\u010dn\u00edch syst\u00e9mech ve\u0159ejn\u00e9 spr\u00e1vy a [&hellip;]<\/p>\n","protected":false},"author":8,"featured_media":0,"parent":0,"menu_order":0,"comment_status":"closed","ping_status":"closed","template":"","meta":{"footnotes":""},"class_list":["post-176","page","type-page","status-publish","hentry"],"_links":{"self":[{"href":"https:\/\/www.zsmirosovice.cz\/index.php\/wp-json\/wp\/v2\/pages\/176","targetHints":{"allow":["GET"]}}],"collection":[{"href":"https:\/\/www.zsmirosovice.cz\/index.php\/wp-json\/wp\/v2\/pages"}],"about":[{"href":"https:\/\/www.zsmirosovice.cz\/index.php\/wp-json\/wp\/v2\/types\/page"}],"author":[{"embeddable":true,"href":"https:\/\/www.zsmirosovice.cz\/index.php\/wp-json\/wp\/v2\/users\/8"}],"replies":[{"embeddable":true,"href":"https:\/\/www.zsmirosovice.cz\/index.php\/wp-json\/wp\/v2\/comments?post=176"}],"version-history":[{"count":6,"href":"https:\/\/www.zsmirosovice.cz\/index.php\/wp-json\/wp\/v2\/pages\/176\/revisions"}],"predecessor-version":[{"id":182,"href":"https:\/\/www.zsmirosovice.cz\/index.php\/wp-json\/wp\/v2\/pages\/176\/revisions\/182"}],"wp:attachment":[{"href":"https:\/\/www.zsmirosovice.cz\/index.php\/wp-json\/wp\/v2\/media?parent=176"}],"curies":[{"name":"wp","href":"https:\/\/api.w.org\/{rel}","templated":true}]}}