{"id":234,"date":"2022-01-27T16:57:13","date_gmt":"2022-01-27T15:57:13","guid":{"rendered":"https:\/\/www.zsmirosovice.cz\/?page_id=234"},"modified":"2024-05-15T09:17:21","modified_gmt":"2024-05-15T07:17:21","slug":"uvod","status":"publish","type":"page","link":"https:\/\/www.zsmirosovice.cz\/","title":{"rendered":"\u00davod"},"content":{"rendered":"<ul class=\"wp-block-latest-posts__list is-grid columns-2 alignfull wp-block-latest-posts\"><li><a class=\"wp-block-latest-posts__post-title\" href=\"https:\/\/www.zsmirosovice.cz\/index.php\/pozvanka-cisty-laduv-kraj\/\">Pozv\u00e1nka &#8211; \u010cist\u00fd Lad\u016fv kraj<\/a><div class=\"wp-block-latest-posts__post-excerpt\"><\/div><\/li>\n<li><a class=\"wp-block-latest-posts__post-title\" href=\"https:\/\/www.zsmirosovice.cz\/index.php\/tridni-schuzky-ctvrtek-16-4-2026\/\">T\u0159\u00eddn\u00ed sch\u016fzky \u2013 \u010dtvrtek 16. 4. 2026<\/a><div class=\"wp-block-latest-posts__post-excerpt\">V\u00e1\u017een\u00ed rodi\u010de, z\u00e1konn\u00ed z\u00e1stupci, T\u0159\u00eddn\u00ed sch\u016fzky se konaj\u00ed v \u00fater\u00fd 16. dubna 2026 od 16 hodin v budov\u011b \u0161koly. T\u011b\u0161\u00edme se na V\u00e1s.<\/div><\/li>\n<li><a class=\"wp-block-latest-posts__post-title\" href=\"https:\/\/www.zsmirosovice.cz\/index.php\/prijati-zaci-na-rok-2026-2027\/\">P\u0159ijat\u00ed \u017e\u00e1ci na rok 2026-2027<\/a><div class=\"wp-block-latest-posts__post-excerpt\"><\/div><\/li>\n<li><a class=\"wp-block-latest-posts__post-title\" href=\"https:\/\/www.zsmirosovice.cz\/index.php\/zapis-budoucich-prvnacku-2026\/\">Z\u00e1pis budouc\u00edch prv\u0148\u00e1\u010dk\u016f 2026<\/a><div class=\"wp-block-latest-posts__post-excerpt\">V\u00e1\u017een\u00ed rodi\u010de, z\u00e1pis do 1. ro\u010dn\u00edku pro \u0161koln\u00ed rok 2026\/2027 prob\u011bhne v pond\u011bl\u00ed 19. ledna 2026 od 15 hodin v budov\u011b \u0161koly. Dokumenty pot\u0159ebn\u00e9 k z\u00e1pisu: Rodn\u00fd list d\u00edt\u011bte. Platn\u00fd ob\u010dansk\u00fd pr\u016fkaz z\u00e1konn\u00e9ho z\u00e1stupce. V souvislosti se z\u00e1pisem d\u011bt\u00ed do\u2026 <a class=\"wp-block-latest-posts__read-more\" href=\"https:\/\/www.zsmirosovice.cz\/index.php\/zapis-budoucich-prvnacku-2026\/\" rel=\"noopener noreferrer\">V\u00edce informac\u00ed<span class=\"screen-reader-text\">: Z\u00e1pis budouc\u00edch prv\u0148\u00e1\u010dk\u016f 2026<\/span><\/a><\/div><\/li>\n<li><a class=\"wp-block-latest-posts__post-title\" href=\"https:\/\/www.zsmirosovice.cz\/index.php\/den-otevrenych-dveri-15-12-2025\/\">Den otev\u0159en\u00fdch dve\u0159\u00ed 15.12.2025<\/a><div class=\"wp-block-latest-posts__post-excerpt\"><\/div><\/li>\n<li><a class=\"wp-block-latest-posts__post-title\" href=\"https:\/\/www.zsmirosovice.cz\/index.php\/modernizace-uceben-spolufinancovano-z-eu\/\">Modernizace u\u010deben \u2013 spolufinancov\u00e1no z EU<\/a><div class=\"wp-block-latest-posts__post-excerpt\"><\/div><\/li>\n<\/ul>\n\n\n<p><\/p>\n","protected":false},"excerpt":{"rendered":"","protected":false},"author":8,"featured_media":0,"parent":0,"menu_order":0,"comment_status":"closed","ping_status":"closed","template":"","meta":{"footnotes":""},"class_list":["post-234","page","type-page","status-publish","hentry"],"_links":{"self":[{"href":"https:\/\/www.zsmirosovice.cz\/index.php\/wp-json\/wp\/v2\/pages\/234","targetHints":{"allow":["GET"]}}],"collection":[{"href":"https:\/\/www.zsmirosovice.cz\/index.php\/wp-json\/wp\/v2\/pages"}],"about":[{"href":"https:\/\/www.zsmirosovice.cz\/index.php\/wp-json\/wp\/v2\/types\/page"}],"author":[{"embeddable":true,"href":"https:\/\/www.zsmirosovice.cz\/index.php\/wp-json\/wp\/v2\/users\/8"}],"replies":[{"embeddable":true,"href":"https:\/\/www.zsmirosovice.cz\/index.php\/wp-json\/wp\/v2\/comments?post=234"}],"version-history":[{"count":5,"href":"https:\/\/www.zsmirosovice.cz\/index.php\/wp-json\/wp\/v2\/pages\/234\/revisions"}],"predecessor-version":[{"id":750,"href":"https:\/\/www.zsmirosovice.cz\/index.php\/wp-json\/wp\/v2\/pages\/234\/revisions\/750"}],"wp:attachment":[{"href":"https:\/\/www.zsmirosovice.cz\/index.php\/wp-json\/wp\/v2\/media?parent=234"}],"curies":[{"name":"wp","href":"https:\/\/api.w.org\/{rel}","templated":true}]}}