{"id":355,"date":"2022-09-07T20:27:56","date_gmt":"2022-09-07T18:27:56","guid":{"rendered":"https:\/\/www.zsmirosovice.cz\/?page_id=355"},"modified":"2023-08-31T10:14:56","modified_gmt":"2023-08-31T08:14:56","slug":"skolni-jidelna","status":"publish","type":"page","link":"https:\/\/www.zsmirosovice.cz\/index.php\/skolni-jidelna\/","title":{"rendered":"\u0160koln\u00ed j\u00eddelna"},"content":{"rendered":"<h2>Provoz \u0161koln\u00ed j\u00eddelny<\/h2>\n<p>Ve\u0161ker\u00e9 p\u0159ipom\u00ednky nebo dotazy ke stravov\u00e1n\u00ed je mo\u017eno \u0159e\u0161it u vedouc\u00ed stravovny pan\u00ed Marcely Ku\u010dabov\u00e9 v kancel\u00e1\u0159i od 8:00 do 13:30.<\/p>\n<p>Nebo na telefonu: <strong>739 214 190<\/strong>.<\/p>\n<h2>Stravn\u00e9<\/h2>\n<ul>\n<li>Cena ob\u011bda d\u011bti do 10 let (1.- 4.ro\u010dn\u00edk): 40 K\u010d\u00a0 \/ Z\u00e1loha na m\u011bs\u00edc: 800 K\u010d<\/li>\n<li>Cena ob\u011bda d\u011bti nad 10 let (5.ro\u010dn\u00edk): 45 K\u010d\u00a0 \/ Z\u00e1loha na m\u011bs\u00edc: 900 K\u010d<\/li>\n<\/ul>\n<p>Stravn\u00e9 lze zaplatit p\u0159evodem na \u010d. \u00fa.: <strong>35-6016410247\/0100<\/strong><\/p>\n<p>P\u0159eplatky se vracej\u00ed na \u00fa\u010det v pr\u016fb\u011bhu \u010dervence. Vy\u00fa\u010dtov\u00e1n\u00ed stravn\u00e9ho je k nahl\u00e9dnut\u00ed u vedouc\u00ed \u0160J.<\/p>\n<p><strong>Upozorn\u011bn\u00ed:<\/strong><br \/>\nPokud nebude \u00fahrada za stravov\u00e1n\u00ed uhrazena v dan\u00e9m m\u011bs\u00edci, d\u00edt\u011b nem\u00e1 n\u00e1rok na stravov\u00e1n\u00ed.<br \/>\nV p\u0159\u00edpad\u011b dluhu V\u00e1s budeme informovat telefonicky nebo p\u00edsemn\u011b do \u017dK.<\/p>\n","protected":false},"excerpt":{"rendered":"<p>Provoz \u0161koln\u00ed j\u00eddelny Ve\u0161ker\u00e9 p\u0159ipom\u00ednky nebo dotazy ke stravov\u00e1n\u00ed je mo\u017eno \u0159e\u0161it u vedouc\u00ed stravovny pan\u00ed Marcely Ku\u010dabov\u00e9 v kancel\u00e1\u0159i od 8:00 do 13:30. Nebo na telefonu: 739 214 190. Stravn\u00e9 Cena ob\u011bda d\u011bti do 10 let (1.- 4.ro\u010dn\u00edk): 40 [&hellip;]<\/p>\n","protected":false},"author":8,"featured_media":0,"parent":0,"menu_order":0,"comment_status":"closed","ping_status":"closed","template":"","meta":{"footnotes":""},"class_list":["post-355","page","type-page","status-publish","hentry"],"_links":{"self":[{"href":"https:\/\/www.zsmirosovice.cz\/index.php\/wp-json\/wp\/v2\/pages\/355","targetHints":{"allow":["GET"]}}],"collection":[{"href":"https:\/\/www.zsmirosovice.cz\/index.php\/wp-json\/wp\/v2\/pages"}],"about":[{"href":"https:\/\/www.zsmirosovice.cz\/index.php\/wp-json\/wp\/v2\/types\/page"}],"author":[{"embeddable":true,"href":"https:\/\/www.zsmirosovice.cz\/index.php\/wp-json\/wp\/v2\/users\/8"}],"replies":[{"embeddable":true,"href":"https:\/\/www.zsmirosovice.cz\/index.php\/wp-json\/wp\/v2\/comments?post=355"}],"version-history":[{"count":3,"href":"https:\/\/www.zsmirosovice.cz\/index.php\/wp-json\/wp\/v2\/pages\/355\/revisions"}],"predecessor-version":[{"id":526,"href":"https:\/\/www.zsmirosovice.cz\/index.php\/wp-json\/wp\/v2\/pages\/355\/revisions\/526"}],"wp:attachment":[{"href":"https:\/\/www.zsmirosovice.cz\/index.php\/wp-json\/wp\/v2\/media?parent=355"}],"curies":[{"name":"wp","href":"https:\/\/api.w.org\/{rel}","templated":true}]}}