{"id":55,"date":"2022-01-03T23:17:10","date_gmt":"2022-01-03T22:17:10","guid":{"rendered":"https:\/\/www.zsmirosovice.cz\/?page_id=55"},"modified":"2024-02-14T15:09:29","modified_gmt":"2024-02-14T14:09:29","slug":"povinne-zverejnovane-udaje","status":"publish","type":"page","link":"https:\/\/www.zsmirosovice.cz\/index.php\/povinne-zverejnovane-udaje\/","title":{"rendered":"Povinn\u011b zve\u0159ej\u0148ovan\u00e9 \u00fadaje"},"content":{"rendered":"<h2><strong>Povinn\u011b zve\u0159ej\u0148ovan\u00e9 informace dle z\u00e1kona \u010d.\u00a0106\/1999 Sb., o\u00a0svobodn\u00e9m p\u0159\u00edstupu k\u00a0informac\u00edm (d\u00e1le jen \u201ez\u00e1kon\u201c)<\/strong><\/h2>\n<p>N\u00ed\u017ee naleznete povinn\u011b zve\u0159ej\u0148ovan\u00e9 informace zp\u016fsobem umo\u017e\u0148uj\u00edc\u00ed d\u00e1lkov\u00fd p\u0159\u00edstup\u00a0dle \u00a7\u00a05 z\u00e1kona.<\/p>\n<p>Seznam informac\u00ed o\u00a0povinn\u00e9m subjektu, kter\u00fd mus\u00ed b\u00fdt zve\u0159ejn\u011bn zp\u016fsobem umo\u017e\u0148uj\u00edc\u00edm d\u00e1lkov\u00fd p\u0159\u00edstup, uv\u00e1d\u00ed v\u00fd\u0161e uveden\u00e9 ustanoven\u00ed ve sv\u00fdch odstavc\u00edch 1\u00a0a\u00a02. Tyto informace se\u00a0zve\u0159ej\u0148uj\u00ed na\u00a0webov\u00fdch str\u00e1nk\u00e1ch \u0161kol a\u00a0\u0161kolsk\u00fdch za\u0159\u00edzen\u00ed. Mo\u017enost zve\u0159ejnit ur\u010dit\u00e9 informace pomoc\u00ed odkazu stanovuje v\u00a0konkr\u00e9tn\u00edch p\u0159\u00edpadech z\u00e1kon, pop\u0159\u00edpad\u011b vyhl\u00e1\u0161ka\u00a0\u010d.\u00a0515\/2020 Sb., o\u00a0struktu\u0159e informac\u00ed zve\u0159ej\u0148ovan\u00fdch o\u00a0povinn\u00e9m subjektu a\u00a0o\u00a0osnov\u011b popisu \u00fakon\u016f vykon\u00e1van\u00fdch v\u00a0r\u00e1mci agendy.<\/p>\n<p>P\u0159esnou strukturu zve\u0159ej\u0148ovan\u00fdch informac\u00ed stanovuje P\u0159\u00edloha \u010d.\u00a01\u00a0v\u00fd\u0161e zm\u00edn\u011bn\u00e9 vyhl\u00e1\u0161ky.<\/p>\n<h3><strong>1\/ Ofici\u00e1ln\u00ed n\u00e1zev<\/strong><\/h3>\n<p>Z\u00e1kladn\u00ed \u0161kola Miro\u0161ovice, okres Praha &#8211; v\u00fdchod<\/p>\n<p>Pr\u00e1vn\u00ed forma: p\u0159\u00edsp\u011bvkov\u00e1 organizace<\/p>\n<p>RED-IZO: 600052184<\/p>\n<p>IZO: 102438081<\/p>\n<h3><strong>2\/ D\u016fvod a\u00a0zp\u016fsob zalo\u017een\u00ed<\/strong><\/h3>\n<p>P\u0159\u00edsp\u011bvkov\u00e1 organizace Z\u00e1kladn\u00ed \u0161kola Miro\u0161ovice, okres Praha &#8211; v\u00fdchod,\u00a0byla z\u0159\u00edzena usnesen\u00edm Zastupitelstva obce Miro\u0161ovice \u010d. 4\/2009 a\u00a0s\u00eddl\u00ed na\u00a0adrese Na Ohrad\u011b 190, Miro\u0161ovice, 251 66 p. Senobraby,. Z\u0159izovac\u00ed listina je ze\u00a0dne 22. 9. 2099\u00a0a\u00a0nabyla \u00fa\u010dinnosti dne 1. 11. 2009.<\/p>\n<p>Hlavn\u00edm \u00fa\u010delem p\u0159\u00edsp\u011bvkov\u00e9 organizace je poskytov\u00e1n\u00ed z\u00e1kladn\u00edho vzd\u011bl\u00e1v\u00e1n\u00ed podle ustanoven\u00ed z\u00e1kona \u010d.\u00a0561\/2004 Sb., o\u00a0p\u0159ed\u0161koln\u00edm, z\u00e1kladn\u00edm, st\u0159edn\u00edm, vy\u0161\u0161\u00edm odborn\u00e9m a\u00a0jin\u00e9m vzd\u011bl\u00e1v\u00e1n\u00ed, ve\u00a0zn\u011bn\u00ed pozd\u011bj\u0161\u00edch p\u0159edpis\u016f (\u0161kolsk\u00fd z\u00e1kon).<\/p>\n<h3><strong>3\/ Organiza\u010dn\u00ed struktura<\/strong><\/h3>\n<p>Statut\u00e1rn\u00edm org\u00e1nem p\u0159\u00edsp\u011bvkov\u00e9 organizace je jej\u00ed \u0159editelka, resp. \u0159editel (d\u00e1le jen \u201e\u0159editelka\u201c). \u0158editelka \u010din\u00ed pr\u00e1vn\u00ed \u00fakony jm\u00e9nem p\u0159\u00edsp\u011bvkov\u00e9 organizace ve\u00a0v\u0161ech v\u011bcech. Do\u00a0funkce je jmenov\u00e1na a\u00a0m\u016f\u017ee b\u00fdt odvol\u00e1na v\u00a0souladu s\u00a0\u00a7\u00a0166 \u0161kolsk\u00e9ho z\u00e1kona a vyhl\u00e1\u0161kou \u010d. 54\/2005 Sb., o n\u00e1le\u017eitostech konkursn\u00edho \u0159\u00edzen\u00ed a konkursn\u00edch komis\u00edch.<\/p>\n<h3><strong>4\/ Kontaktn\u00ed spojen\u00ed<\/strong><\/h3>\n<h4><strong>4.1 Kontaktn\u00ed po\u0161tovn\u00ed adresa<\/strong><\/h4>\n<p><strong>S\u00eddlo:<\/strong>\u00a0\u0160koln\u00ed 211, Miro\u0161ovice, 251 66 p. Senohraby<\/p>\n<h4><strong>4.2 Adresa \u00fa\u0159adovny pro\u00a0osobn\u00ed n\u00e1v\u0161t\u011bvu<\/strong><\/h4>\n<p><strong>Adresa pro\u00a0osobn\u00ed n\u00e1v\u0161t\u011bvu<\/strong>: shodn\u00e1 s\u00a0po\u0161tovn\u00ed adresou<\/p>\n<h4><strong>4.3 \u00da\u0159edn\u00ed hodiny<\/strong><\/h4>\n<p><strong>\u00da\u0159edn\u00ed hodiny<\/strong>: jsou zve\u0159ejn\u011bny v\u00a0kontaktech \u0161koly.<\/p>\n<h4><strong>4.4 Telefonn\u00ed \u010d\u00edsla<\/strong><\/h4>\n<p><strong>Telefonn\u00ed spojen\u00ed:<\/strong><\/p>\n<p>\u0159editelka \u0161koly:<\/p>\n<ul>\n<li>tel.: +420 323 656 158<\/li>\n<li>mob.: +420 608 203 522<\/li>\n<li>e-mail: reditelka@zsmirosovice.cz<\/li>\n<\/ul>\n<p>z\u00e1stupce \u0159editele:<\/p>\n<ul>\n<li>xxx, mob.: xxx, e-mail:\u00a0<a href=\"mailto:zastupce1@SKOLA.cz\">xxx<\/a><\/li>\n<li>xxx, mob.:\u00a0xxx, e-mail:<a href=\"mailto:zastupce2@SKOLA.cz\">xxx<\/a><\/li>\n<\/ul>\n<p>vedouc\u00ed \u0161koln\u00ed j\u00eddelny\u00a0xxx,\u00a0mob.: xxx, e-mail:\u00a0<a href=\"mailto:jidelna@SKOLA.cz\">xxx<\/a><\/p>\n<p>pov\u011b\u0159enec ochrany osobn\u00edch \u00fadaj\u016f\u00a0xxx,\u00a0mob.: xxx<\/p>\n<p>e-mail:\u00a0xxx<\/p>\n<h4><strong>4.5 Adresa internetov\u00fdch str\u00e1nek<\/strong><\/h4>\n<p><strong>Webov\u00e9 str\u00e1nky<\/strong>:\u00a0www.zsmirosovice.cz<\/p>\n<h4><strong>4.6 Adresa podatelny<\/strong><\/h4>\n<p>shodn\u00e1 s\u00a0po\u0161tovn\u00ed adresou<\/p>\n<p>P\u0159ehled technick\u00fdch nosi\u010d\u016f dat, na\u00a0kter\u00fdch povinn\u00fd subjekt p\u0159ij\u00edm\u00e1 dokumenty v\u00a0elektronick\u00e9 podob\u011b:<\/p>\n<p>USB flash disk, CD, DVD.<\/p>\n<h4><strong>4.7 Elektronick\u00e1 adresa podatelny<\/strong><\/h4>\n<p><strong>E-mailov\u00e1 adresa<\/strong>:\u00a0podatelna@zsmirosovice.cz<\/p>\n<h4><strong>4.8 Datov\u00e1 schr\u00e1nka<\/strong><\/h4>\n<p><strong>ID datov\u00e9 schr\u00e1nky<\/strong>: ed8mptu<\/p>\n<h3><strong>5\/ P\u0159\u00edpadn\u00e9 platby lze pouk\u00e1zat<\/strong><\/h3>\n<p>\u010c. \u00fa\u010dtu xxx u\u00a0xxx\u2013 p\u0159ihl\u00e1\u0161ky ke studiu<\/p>\n<p>\u010c. \u00fa\u010dtu\u00a0xxx\/xxx u\u00a0xxx \u2013 stravn\u00e9<\/p>\n<p>Variabiln\u00ed symbol je p\u0159id\u011blen p\u0159i\u00a0z\u00e1pisu do\u00a0\u0161koly.<\/p>\n<h3><strong>6\/ I\u010cO<\/strong><\/h3>\n<p>71004734<\/p>\n<h3><strong>7\/ Pl\u00e1tce dan\u011b z\u00a0p\u0159idan\u00e9 hodnoty<\/strong><\/h3>\n<p>\u0160kola nen\u00ed pl\u00e1tcem DPH.<\/p>\n<h3><strong>8\/ Dokumenty<\/strong><\/h3>\n<h4><strong>8.1 Seznam hlavn\u00edch dokument\u016f<\/strong><\/h4>\n<h5><strong>8.1.1 Dokumenty podl\u00e9haj\u00edc\u00ed zve\u0159ejn\u011bn\u00ed, do kter\u00fdch je umo\u017en\u011bno nahl\u00e9dnout<\/strong><\/h5>\n<ul>\n<li>Z\u0159izovac\u00ed listina \u0161koly rozhodnut\u00ed o z\u00e1pisu do \u0161kolsk\u00e9ho rejst\u0159\u00edku \u2013 v\u00a0listinn\u00e9 podob\u011b v\u00a0\u0159editeln\u011b \u0161koly a d\u00e1le jej\u00ed sken na\u00a0webu \u0161koly zde<\/li>\n<li>\u00dadaje o\u00a0rozpo\u010dtu v\u00a0aktu\u00e1ln\u00edm a\u00a0uplynul\u00e9m roce \u2013 v\u00a0listinn\u00e9 podob\u011b v\u00a0\u0159editeln\u011b \u0161koly a d\u00e1le na\u00a0webu \u0161koly zde<\/li>\n<li>\u0160koln\u00ed vzd\u011bl\u00e1vac\u00ed programy \u2013 v\u00a0listinn\u00e9 podob\u011b v\u00a0\u0159editeln\u011b \u0161koly a d\u00e1le v\u00a0elektronick\u00e9 podob\u011b na\u00a0webu \u0161koly zde<\/li>\n<li>V\u00fdro\u010dn\u00ed zpr\u00e1va o\u00a0\u010dinnosti \u0161koly \u2013 v\u00a0listinn\u00e9 podob\u011b v\u00a0\u0159editeln\u011b \u0161koly a d\u00e1le v\u00a0elektronick\u00e9 podob\u011b na\u00a0webu \u0161koly zde<\/li>\n<li>\u0160koln\u00ed \u0159\u00e1d, rozvrh vyu\u010dovac\u00edch hodin \u2013\u00a0v\u00a0listinn\u00e9 podob\u011b v\u00a0\u0159editeln\u011b \u0161koly a d\u00e1le v\u00a0elektronick\u00e9 podob\u011b na\u00a0webu \u0161koly zde<\/li>\n<li>Dokumentace BOZP a\u00a0PO\u00a0\u2013 v\u00a0listinn\u00e9 podob\u011b v\u00a0\u0159editeln\u011b \u0161koly a d\u00e1le v\u00a0elektronick\u00e9 podob\u011b na\u00a0webu \u0161koly zde<\/li>\n<li>\u00da\u010detn\u00ed, majetkov\u00e1 a\u00a0hospod\u00e1\u0159sk\u00e1 dokumentace \u2013 v\u00a0listinn\u00e9 podob\u011b v\u00a0\u0159editeln\u011b \u0161koly a d\u00e1le v\u00a0elektronick\u00e9 podob\u011b na\u00a0webu \u0161koly zde<\/li>\n<li>Soubor vnit\u0159n\u00edch sm\u011brnic\u00a0a\u00a0p\u0159edpis\u016f \u2013 v\u00a0listinn\u00e9 podob\u011b v\u00a0\u0159editeln\u011b \u0161koly a d\u00e1le v\u00a0elektronick\u00e9 podob\u011b na\u00a0webu \u0161koly zde<\/li>\n<\/ul>\n<h5><strong>8.1.2. Dokumenty nepodl\u00e9haj\u00edc\u00ed zve\u0159ejn\u011bn\u00ed, do kter\u00fdch je umo\u017en\u011bno nahl\u00e9dnout pouze p\u0159i prok\u00e1z\u00e1n\u00ed opr\u00e1vn\u011bn\u00e9ho z\u00e1jmu (zejm\u00e9na z\u00e1konn\u00fdm z\u00e1stupcem d\u00edt\u011bte)<\/strong><\/h5>\n<p>Nahl\u00ed\u017een\u00ed m\u016f\u017ee prob\u011bhnout formou p\u0159edlo\u017een\u00ed \u010d\u00e1ste\u010dn\u011b anonymizovan\u00e9 kopie dokumentu v p\u0159\u00edpad\u011b, \u017ee dokument obsahuje t\u00e9\u017e \u00fadaje, do kter\u00fdch nahl\u00ed\u017eej\u00edc\u00ed nen\u00ed opr\u00e1vn\u011bn nahl\u00e9dnout<\/p>\n<ul>\n<li>Knihu \u00faraz\u016f a z\u00e1znamy o \u00farazech d\u011bt\u00ed, \u017e\u00e1k\u016f a student\u016f, pop\u0159\u00edpad\u011b l\u00e9ka\u0159sk\u00e9 posudky<br \/>\n\u2013 v\u00a0listinn\u00e9\/elektronick\u00e9 podob\u011b\u00a0v\u00a0\u0159editeln\u011b \u0161koly<\/li>\n<li>T\u0159\u00eddn\u00ed kniha, kter\u00e1 obsahuje pr\u016fkazn\u00e9 \u00fadaje o poskytovan\u00e9m vzd\u011bl\u00e1v\u00e1n\u00ed a jeho pr\u016fb\u011bhu<br \/>\n\u2013 po p\u0159edchoz\u00ed domluv\u011b s \u0159editelem \u0161koly<\/li>\n<li>Doklady o p\u0159ij\u00edm\u00e1n\u00ed d\u011bt\u00ed, \u017e\u00e1k\u016f, student\u016f a uchaze\u010d\u016f ke vzd\u011bl\u00e1v\u00e1n\u00ed, o pr\u016fb\u011bhu vzd\u011bl\u00e1v\u00e1n\u00ed a jeho ukon\u010dov\u00e1n\u00ed \u2013 v\u00a0listinn\u00e9\/elektronick\u00e9 podob\u011b\u00a0v\u00a0\u0159editeln\u011b \u0161koly<\/li>\n<li>Z\u00e1znamy z\u00a0pedagogick\u00fdch rad \u2013 vlistinn\u00e9\/elektronick\u00e9 podob\u011b\u00a0v\u00a0\u0159editeln\u011b \u0161koly<\/li>\n<li>Pl\u00e1n hospita\u010dn\u00ed a\u00a0kontroln\u00ed \u010dinnosti, z\u00e1znamy o\u00a0proveden\u00fdch hospitac\u00edch a\u00a0kontroln\u00edch zji\u0161t\u011bn\u00edch \u2013 v\u00a0listinn\u00e9 \/ elektronick\u00e9 podob\u011b v \u0159editeln\u011b \u0161koly<\/li>\n<\/ul>\n<h4><strong>8.2. Rozpo\u010det<\/strong><\/h4>\n<p>Rozpo\u010det \u0161koly a\u00a0jeho st\u0159edn\u011bdob\u00fd v\u00fdhled\u00a0je p\u0159\u00edstupn\u00fd na\u00a0webov\u00fdch str\u00e1nk\u00e1ch v\u00a0dokumentech \u0161koly (zde xxx)<\/p>\n<h3><strong>9\/ \u017d\u00e1dosti o\u00a0informace<\/strong><\/h3>\n<p>P\u0159i vy\u0159izov\u00e1n\u00ed \u017e\u00e1dost\u00ed o informace se postupuje dle <a href=\"https:\/\/www.zakonyprolidi.cz\/cs\/1999-106\">z\u00e1kona \u010d. 106\/1999 Sb<\/a>., o svobodn\u00e9m p\u0159\u00edstupu k informac\u00edm, ve zn\u011bn\u00ed pozd\u011bj\u0161\u00edch p\u0159edpis\u016f. Sm\u011brnice upravuj\u00edc\u00ed svobodn\u00fd p\u0159\u00edstup k informac\u00edm je p\u0159\u00edstupn\u00e1 v listinn\u00e9 podob\u011b v \u0159editeln\u011b \u0161koly a na webov\u00fdch str\u00e1nk\u00e1ch \u0161koly.<\/p>\n<h3><strong>10\/ P\u0159\u00edjem pod\u00e1n\u00ed a\u00a0podn\u011bt\u016f<\/strong><\/h3>\n<p>\u017d\u00e1dosti a\u00a0dal\u0161\u00ed pod\u00e1n\u00ed je mo\u017en\u00e9 doru\u010dit osobn\u011b do\u00a0\u0159editelny \u0161koly v\u00a0\u00fa\u0159edn\u00ed hodiny, zaslat p\u00edsemn\u011b na\u00a0adresu \u0161koly, elektronicky na\u00a0emailovou adresu M\u0160, prost\u0159ednictv\u00edm DS nebo telefonicky na\u00a0telefonn\u00edm \u010d\u00edsle kancel\u00e1\u0159e \u0161koly. P\u0159\u00edjem \u017e\u00e1dost\u00ed a\u00a0dal\u0161\u00edch pod\u00e1n\u00ed se\u00a0\u0159\u00edd\u00ed podle sv\u00e9ho obsahu z\u00e1konem \u010d.\u00a0106\/1999 Sb., o\u00a0svobodn\u00e9m p\u0159\u00edstupu k\u00a0informac\u00edm, ve\u00a0zn\u011bn\u00ed pozd\u011bj\u0161\u00edch p\u0159edpis\u016f a\u00a0z\u00e1konem \u010d.\u00a0500\/2004 Sb., spr\u00e1vn\u00ed \u0159\u00e1d, ve\u00a0zn\u011bn\u00ed pozd\u011bj\u0161\u00edch p\u0159edpis\u016f.<\/p>\n<h3><strong>11\/ P\u0159edpisy<\/strong><\/h3>\n<h4><strong>11.1 Nejd\u016fle\u017eit\u011bj\u0161\u00ed pou\u017e\u00edvan\u00e9 p\u0159edpisy<\/strong><\/h4>\n<p>P\u0159ehled nejd\u016fle\u017eit\u011bj\u0161\u00edch pou\u017e\u00edvan\u00fdch pr\u00e1vn\u00edch p\u0159edpis\u016f naleznete na n\u00e1sleduj\u00edc\u00ed <a href=\"https:\/\/www.msmt.cz\/ministerstvo\/urednik\">str\u00e1nce<\/a> Ministerstva \u0161kolstv\u00ed, ml\u00e1de\u017ee a t\u011blov\u00fdchovy.<\/p>\n<h4><strong>11.2 Vydan\u00e9 pr\u00e1vn\u00ed p\u0159edpisy<\/strong><\/h4>\n<p>Povinn\u00fd subjekt nevyd\u00e1v\u00e1 pr\u00e1vn\u00ed p\u0159edpisy v\u00a0r\u00e1mci v\u011bcn\u00e9 p\u016fsobnosti. Soubor vnit\u0159n\u00edch sm\u011brnic je k\u00a0dispozici v\u00a0listinn\u00e9 podob\u011b v\u00a0\u00fa\u0159edn\u00edch hodin\u00e1ch v\u00a0\u0159editeln\u011b \u0161koly.<\/p>\n<h3><strong>12\/ \u00dahrady za\u00a0poskytov\u00e1n\u00ed informac\u00ed<\/strong><\/h3>\n<h4><strong>12.1 Sazebn\u00edk \u00fahrad za\u00a0poskytov\u00e1n\u00ed informac\u00ed<\/strong><\/h4>\n<p>Sazba n\u00e1klad\u016f na\u00a0po\u0159\u00edzen\u00ed informace \u010din\u00ed:<\/p>\n<ol>\n<li>Kop\u00edrov\u00e1n\u00ed \u010dernob\u00edl\u00e9 na\u00a0kop\u00edrovac\u00edch stroj\u00edch<\/li>\n<\/ol>\n<p>Form\u00e1t A4 jednostrann\u00fd\u2026\u2026\u2026\u2026\u2026\u2026\u2026\u2026\u2026\u2026\u2026\u2026\u2026\u2026\u2026.\u2026\u2026\u2026\u20261,50 K\u010d\/A4<\/p>\n<p>Form\u00e1t A4 oboustrann\u00fd\u2026\u2026\u2026\u2026\u2026\u2026\u2026\u2026\u2026\u2026\u2026\u2026\u2026\u2026\u2026\u2026.\u2026\u2026\u2026.2,00 K\u010d\/A4<\/p>\n<p>Form\u00e1t A3 jednostrann\u00fd\u2026\u2026\u2026\u2026\u2026\u2026\u2026\u2026\u2026\u2026\u2026\u2026\u2026\u2026.\u2026\u2026.\u2026\u2026&#8230;2,50 K\u010d\/A3<\/p>\n<p>Form\u00e1t A3 oboustrann\u00fd\u2026\u2026\u2026\u2026\u2026\u2026\u2026\u2026\u2026\u2026\u2026\u2026\u2026\u2026.\u2026\u2026.\u2026\u2026\u20263,00 K\u010d\/A3<\/p>\n<ol start=\"2\">\n<li>Tisk na\u00a0tisk\u00e1rn\u00e1ch PC<\/li>\n<\/ol>\n<p>Form\u00e1t A4 na\u00a0laserov\u00e9 tisk\u00e1rn\u011b\u2026\u2026\u2026\u2026\u2026\u2026\u2026\u2026\u2026\u2026\u2026.\u2026\u2026\u2026\u2026\u20262,00 K\u010d\/A4<\/p>\n<p>Form\u00e1t A4 na\u00a0ostatn\u00edch tisk\u00e1rn\u00e1ch.\u2026\u2026\u2026\u2026.\u2026\u2026.\u2026\u2026\u2026\u2026\u2026.\u2026\u2026\u20262,50 K\u010d\/A4<\/p>\n<ol start=\"3\">\n<li>Kop\u00edrov\u00e1n\u00ed na\u00a0magnetick\u00e9 nosi\u010de<\/li>\n<\/ol>\n<p>CD\u2026\u2026\u2026\u2026\u2026..\u2026\u2026\u2026\u2026\u2026\u2026\u2026\u2026\u2026\u2026\u2026\u2026.\u2026\u2026\u2026..\u2026\u2026\u2026\u2026\u2026\u202650,00 K\u010d\/1ks<\/p>\n<ol start=\"4\">\n<li>Jin\u00e9 kop\u00edrov\u00e1n\u00ed a\u00a0filmov\u00e1n\u00ed<\/li>\n<\/ol>\n<p>Video\u2026\u2026\u2026\u2026\u2026\u2026\u2026\u2026\u2026\u2026\u2026\u2026\u2026\u2026\u2026..\u2026\u2026\u2026\u2026\u2026\u2026&#8230;\u2026\u2026\u2026\u2026dle skute\u010dn\u00fdch n\u00e1klad\u016f<\/p>\n<ol start=\"5\">\n<li>Za\u00a0odesl\u00e1n\u00ed informace<\/li>\n<\/ol>\n<p>Po\u0161tovn\u00e9 a\u00a0jin\u00e9 poplatky dle sazeb platn\u00e9ho po\u0161tovn\u00edho sazebn\u00edku<\/p>\n<p>Platn\u00fd cen\u00edk slu\u017eeb \u010cesk\u00e9 po\u0161ty:\u00a0<a href=\"https:\/\/www.ceskaposta.cz\/ke-stazeni\/cenik-sluzeb-ceske-posty\">https:\/\/www.ceskaposta.cz\/ke-stazeni\/cenik-sluzeb-ceske-posty<\/a><\/p>\n<ol start=\"6\">\n<li>Dal\u0161\u00ed v\u011bcn\u00e9 n\u00e1klady<\/li>\n<\/ol>\n<p>Dle formy poskytovan\u00e9 informace<\/p>\n<ol start=\"7\">\n<li>Osobn\u00ed n\u00e1klady<\/li>\n<\/ol>\n<p>Osobn\u00ed n\u00e1klady, p\u0159es\u00e1hne-li doba zpracov\u00e1n\u00ed a\u00a0vyhled\u00e1n\u00ed informace 1\u00a0hod. a\u00a0za\u00a0ka\u017edou dal\u0161\u00ed zapo\u010datou hodinu\u2026\u2026\u2026\u2026\u2026\u2026\u2026\u2026\u2026\u2026\u2026\u2026\u2026\u2026\u2026\u2026\u2026\u2026\u2026\u2026..150,00 K\u010d\/hod.<\/p>\n<ol start=\"8\">\n<li>Pokud je po\u017eadovan\u00e1 informace obsa\u017eena v\u00a0publikaci nebo tiskovin\u011b vyd\u00e1van\u00e9 \u0161kolou, p\u0159ed\u0161koln\u00edm nebo \u0161kolsk\u00fdm za\u0159\u00edzen\u00edm, hrad\u00ed se\u00a0n\u00e1klady ve\u00a0v\u00fd\u0161i ceny p\u0159\u00edslu\u0161n\u00e9ho v\u00fdtisku.<\/li>\n<li>Nep\u0159es\u00e1hne-li \u010d\u00e1stka za\u00a0poskytnut\u00ed informac\u00ed 50,- K\u010d, budou poskytnuty zdarma.<\/li>\n<\/ol>\n<h4><strong>12.2 Rozhodnut\u00ed nad\u0159\u00edzen\u00e9ho org\u00e1nu o\u00a0v\u00fd\u0161i \u00fahrad za\u00a0poskytnut\u00ed informac\u00ed<\/strong><\/h4>\n<p>\u017d\u00e1dn\u00e1 rozhodnut\u00ed o\u00a0v\u00fd\u0161i \u00fahrad vydan\u00e1 podle z\u00e1kona o\u00a0svobodn\u00e9m p\u0159\u00edstupu k\u00a0informac\u00edm v\u00a0p\u0159\u00edpad\u011b st\u00ed\u017enosti nebyla ve\u00a0vztahu k\u00a0povinn\u00e9mu subjektu za\u00a0posledn\u00ed dva roky vyd\u00e1na.<\/p>\n<h3>\u00a0<strong>13\/ Licen\u010dn\u00ed smlouvy<\/strong><\/h3>\n<p>\u0160kola nem\u00e1 licen\u010dn\u00ed smlouvy.<\/p>\n<h4><strong>14\/ V\u00fdro\u010dn\u00ed zpr\u00e1va podle z\u00e1kona o\u00a0svobodn\u00e9m p\u0159\u00edstupu k\u00a0informac\u00edm<\/strong><\/h4>\n<p>Na\u00a0webov\u00fdch str\u00e1nk\u00e1ch \u0161koly\u00a0v\u00a0sekci dokumenty \u0161koly.<\/p>\n<h2><strong>Osnova popisu \u00fakon\u016f org\u00e1nu ve\u0159ejn\u00e9 moci<\/strong><\/h2>\n<p>Osnovu a popisy \u00fakon\u016f org\u00e1n\u016f ve\u0159ejn\u00e9 moci dle \u00a7 2 vyhl\u00e1\u0161ky \u010d. 515\/2020 Sb. o struktu\u0159e informac\u00ed zve\u0159ej\u0148ovan\u00fdch o povinn\u00e9m subjektu a o osnov\u011b popisu \u00fakon\u016f vykon\u00e1van\u00fdch v r\u00e1mci agendy naleznete na <a href=\"https:\/\/portal.gov.cz\/sluzby-verejne-spravy\/vzdelavani-veda-a-vyzkum-KAT-413\">Port\u00e1lu ve\u0159ejn\u00e9 spr\u00e1vy<\/a>.<\/p>\n","protected":false},"excerpt":{"rendered":"<p>Povinn\u011b zve\u0159ej\u0148ovan\u00e9 informace dle z\u00e1kona \u010d.\u00a0106\/1999 Sb., o\u00a0svobodn\u00e9m p\u0159\u00edstupu k\u00a0informac\u00edm (d\u00e1le jen \u201ez\u00e1kon\u201c) N\u00ed\u017ee naleznete povinn\u011b zve\u0159ej\u0148ovan\u00e9 informace zp\u016fsobem umo\u017e\u0148uj\u00edc\u00ed d\u00e1lkov\u00fd p\u0159\u00edstup\u00a0dle \u00a7\u00a05 z\u00e1kona. Seznam informac\u00ed o\u00a0povinn\u00e9m subjektu, kter\u00fd mus\u00ed b\u00fdt zve\u0159ejn\u011bn zp\u016fsobem umo\u017e\u0148uj\u00edc\u00edm d\u00e1lkov\u00fd p\u0159\u00edstup, uv\u00e1d\u00ed v\u00fd\u0161e uveden\u00e9 ustanoven\u00ed [&hellip;]<\/p>\n","protected":false},"author":8,"featured_media":0,"parent":0,"menu_order":0,"comment_status":"closed","ping_status":"closed","template":"","meta":{"footnotes":""},"class_list":["post-55","page","type-page","status-publish","hentry"],"_links":{"self":[{"href":"https:\/\/www.zsmirosovice.cz\/index.php\/wp-json\/wp\/v2\/pages\/55","targetHints":{"allow":["GET"]}}],"collection":[{"href":"https:\/\/www.zsmirosovice.cz\/index.php\/wp-json\/wp\/v2\/pages"}],"about":[{"href":"https:\/\/www.zsmirosovice.cz\/index.php\/wp-json\/wp\/v2\/types\/page"}],"author":[{"embeddable":true,"href":"https:\/\/www.zsmirosovice.cz\/index.php\/wp-json\/wp\/v2\/users\/8"}],"replies":[{"embeddable":true,"href":"https:\/\/www.zsmirosovice.cz\/index.php\/wp-json\/wp\/v2\/comments?post=55"}],"version-history":[{"count":12,"href":"https:\/\/www.zsmirosovice.cz\/index.php\/wp-json\/wp\/v2\/pages\/55\/revisions"}],"predecessor-version":[{"id":659,"href":"https:\/\/www.zsmirosovice.cz\/index.php\/wp-json\/wp\/v2\/pages\/55\/revisions\/659"}],"wp:attachment":[{"href":"https:\/\/www.zsmirosovice.cz\/index.php\/wp-json\/wp\/v2\/media?parent=55"}],"curies":[{"name":"wp","href":"https:\/\/api.w.org\/{rel}","templated":true}]}}