{"id":56,"date":"2022-01-03T23:17:10","date_gmt":"2022-01-03T22:17:10","guid":{"rendered":"https:\/\/www.zsmirosovice.cz\/?page_id=56"},"modified":"2025-11-07T10:08:44","modified_gmt":"2025-11-07T09:08:44","slug":"dokumenty-formulare","status":"publish","type":"page","link":"https:\/\/www.zsmirosovice.cz\/index.php\/dokumenty-formulare\/","title":{"rendered":"Dokumenty"},"content":{"rendered":"<h2>Dokumenty \u0161koly<\/h2>\n<p><a href=\"https:\/\/www.zsmirosovice.cz\/wp-content\/uploads\/2025\/11\/Skolni-rad.docx\">\u0160koln\u00ed \u0159\u00e1d (docx)<\/a><\/p>\n<p><a href=\"https:\/\/www.zsmirosovice.cz\/wp-content\/uploads\/2025\/11\/Vyrocni-zprava-2024-2025.odt\">V\u00fdro\u010dn\u00ed zpr\u00e1va 2024-2025 (docx)<\/a><\/p>\n<h2 id=\"formulare\">Formul\u00e1\u0159e<\/h2>\n<p><a href=\"https:\/\/www.zsmirosovice.cz\/download\/doc\/zsmirosovice-zadost-o-uvolneni-z-vyucovani.docx\">\u017d\u00e1dost o uvoln\u011bn\u00ed z vyu\u010dov\u00e1n\u00ed (docx)<\/a><\/p>\n","protected":false},"excerpt":{"rendered":"<p>Dokumenty \u0161koly \u0160koln\u00ed \u0159\u00e1d (docx) V\u00fdro\u010dn\u00ed zpr\u00e1va 2024-2025 (docx) Formul\u00e1\u0159e \u017d\u00e1dost o uvoln\u011bn\u00ed z vyu\u010dov\u00e1n\u00ed (docx)<\/p>\n","protected":false},"author":8,"featured_media":0,"parent":0,"menu_order":0,"comment_status":"closed","ping_status":"closed","template":"","meta":{"footnotes":""},"class_list":["post-56","page","type-page","status-publish","hentry"],"_links":{"self":[{"href":"https:\/\/www.zsmirosovice.cz\/index.php\/wp-json\/wp\/v2\/pages\/56","targetHints":{"allow":["GET"]}}],"collection":[{"href":"https:\/\/www.zsmirosovice.cz\/index.php\/wp-json\/wp\/v2\/pages"}],"about":[{"href":"https:\/\/www.zsmirosovice.cz\/index.php\/wp-json\/wp\/v2\/types\/page"}],"author":[{"embeddable":true,"href":"https:\/\/www.zsmirosovice.cz\/index.php\/wp-json\/wp\/v2\/users\/8"}],"replies":[{"embeddable":true,"href":"https:\/\/www.zsmirosovice.cz\/index.php\/wp-json\/wp\/v2\/comments?post=56"}],"version-history":[{"count":7,"href":"https:\/\/www.zsmirosovice.cz\/index.php\/wp-json\/wp\/v2\/pages\/56\/revisions"}],"predecessor-version":[{"id":1115,"href":"https:\/\/www.zsmirosovice.cz\/index.php\/wp-json\/wp\/v2\/pages\/56\/revisions\/1115"}],"wp:attachment":[{"href":"https:\/\/www.zsmirosovice.cz\/index.php\/wp-json\/wp\/v2\/media?parent=56"}],"curies":[{"name":"wp","href":"https:\/\/api.w.org\/{rel}","templated":true}]}}