{"id":58,"date":"2022-01-03T23:17:11","date_gmt":"2022-01-03T22:17:11","guid":{"rendered":"https:\/\/www.zsmirosovice.cz\/?page_id=58"},"modified":"2022-08-30T22:51:57","modified_gmt":"2022-08-30T20:51:57","slug":"skolska-rada","status":"publish","type":"page","link":"https:\/\/www.zsmirosovice.cz\/index.php\/skolska-rada\/","title":{"rendered":"\u0160kolsk\u00e1 rada"},"content":{"rendered":"<h2>Z\u00e1stupci \u0161kolsk\u00e9 rady &#8211; 6 \u010dlen\u016f<\/h2>\n<h3>1\/3 \u010dlen\u016f volen\u00e1 za z\u00e1konn\u00e9 z\u00e1stupce \u017e\u00e1k\u016f:<\/h3>\n<ul>\n<li>Kate\u0159ina Chaloupkov\u00e1 (p\u0159edsedkyn\u011b) &#8211; <a href=\"mailto:katerina_chaloupkova@yahoo.co.uk\">katerina_chaloupkova@yahoo.co.uk<\/a><\/li>\n<li>Mgr. Derek Pilous &#8211; <a href=\"mailto:derek.pilous@seznam.cz\">derek.pilous@seznam.cz<\/a><\/li>\n<\/ul>\n<h3>1\/3 \u010dlen\u016f jmenovan\u00e1 za z\u0159izovatele:<\/h3>\n<ul>\n<li>V\u00e1clav Petr\u00e1k &#8211; <a href=\"mailto:Petrak.Vaclav@seznam.cz\">Petrak.Vaclav@seznam.cz<\/a><\/li>\n<li>Michal R\u016f\u017ei\u010dka &#8211; <a href=\"mailto:Ruzena.M@seznam.cz\">Ruzena.M@seznam.cz<\/a><\/li>\n<\/ul>\n<h3>1\/3 \u010dlen\u016f volen\u00e1 za pedagogick\u00e9 pracovn\u00edky:<\/h3>\n<ul>\n<li>Olga Adamov\u00e1 \u2013 <a href=\"mailto:olga.adamova@zsmirosovice.cz\">olga.adamova@zsmirosovice.cz<\/a><\/li>\n<li>Mgr. Blanka \u0160\u00edlen\u00e1 \u2013 <a href=\"mailto:blanka.silena@zsmirosovice.cz\">blanka.silena@zsmirosovice.cz<\/a><\/li>\n<\/ul>\n<h2>Z\u00e1pisy ze zased\u00e1n\u00ed<\/h2>\n","protected":false},"excerpt":{"rendered":"<p>Z\u00e1stupci \u0161kolsk\u00e9 rady &#8211; 6 \u010dlen\u016f 1\/3 \u010dlen\u016f volen\u00e1 za z\u00e1konn\u00e9 z\u00e1stupce \u017e\u00e1k\u016f: Kate\u0159ina Chaloupkov\u00e1 (p\u0159edsedkyn\u011b) &#8211; katerina_chaloupkova@yahoo.co.uk Mgr. Derek Pilous &#8211; derek.pilous@seznam.cz 1\/3 \u010dlen\u016f jmenovan\u00e1 za z\u0159izovatele: V\u00e1clav Petr\u00e1k &#8211; Petrak.Vaclav@seznam.cz Michal R\u016f\u017ei\u010dka &#8211; Ruzena.M@seznam.cz 1\/3 \u010dlen\u016f volen\u00e1 za [&hellip;]<\/p>\n","protected":false},"author":8,"featured_media":0,"parent":0,"menu_order":0,"comment_status":"closed","ping_status":"closed","template":"","meta":{"footnotes":""},"class_list":["post-58","page","type-page","status-publish","hentry"],"_links":{"self":[{"href":"https:\/\/www.zsmirosovice.cz\/index.php\/wp-json\/wp\/v2\/pages\/58","targetHints":{"allow":["GET"]}}],"collection":[{"href":"https:\/\/www.zsmirosovice.cz\/index.php\/wp-json\/wp\/v2\/pages"}],"about":[{"href":"https:\/\/www.zsmirosovice.cz\/index.php\/wp-json\/wp\/v2\/types\/page"}],"author":[{"embeddable":true,"href":"https:\/\/www.zsmirosovice.cz\/index.php\/wp-json\/wp\/v2\/users\/8"}],"replies":[{"embeddable":true,"href":"https:\/\/www.zsmirosovice.cz\/index.php\/wp-json\/wp\/v2\/comments?post=58"}],"version-history":[{"count":6,"href":"https:\/\/www.zsmirosovice.cz\/index.php\/wp-json\/wp\/v2\/pages\/58\/revisions"}],"predecessor-version":[{"id":337,"href":"https:\/\/www.zsmirosovice.cz\/index.php\/wp-json\/wp\/v2\/pages\/58\/revisions\/337"}],"wp:attachment":[{"href":"https:\/\/www.zsmirosovice.cz\/index.php\/wp-json\/wp\/v2\/media?parent=58"}],"curies":[{"name":"wp","href":"https:\/\/api.w.org\/{rel}","templated":true}]}}