{"id":59,"date":"2022-01-03T23:17:11","date_gmt":"2022-01-03T22:17:11","guid":{"rendered":"https:\/\/www.zsmirosovice.cz\/?page_id=59"},"modified":"2025-05-26T09:46:07","modified_gmt":"2025-05-26T07:46:07","slug":"projekty","status":"publish","type":"page","link":"https:\/\/www.zsmirosovice.cz\/index.php\/projekty\/","title":{"rendered":"Projekty"},"content":{"rendered":"<div class=\"brz-container brz-css-eprnz\">\n<div class=\"brz-css-kzdkd brz-wrapper\">\n<div class=\"brz-rich-text brz-rich-text__custom brz-css-zhgau\" data-custom-id=\"kgbuzueliejtvgzimqhguuvtpnlhzucpnyjx\">\n<div>\n<div>\n<h2>Modernizace u\u010deben Z\u0160 Miro\u0161ovice &#8211; spolufinancov\u00e1no z EU<\/h2>\n<p><img loading=\"lazy\" decoding=\"async\" class=\"alignnone wp-image-1054 size-full\" src=\"https:\/\/www.zsmirosovice.cz\/wp-content\/uploads\/2025\/05\/modernizace.jpg\" alt=\"modernizace-uceben\" width=\"1683\" height=\"2381\" srcset=\"https:\/\/www.zsmirosovice.cz\/wp-content\/uploads\/2025\/05\/modernizace.jpg 1683w, https:\/\/www.zsmirosovice.cz\/wp-content\/uploads\/2025\/05\/modernizace-212x300.jpg 212w, https:\/\/www.zsmirosovice.cz\/wp-content\/uploads\/2025\/05\/modernizace-724x1024.jpg 724w, https:\/\/www.zsmirosovice.cz\/wp-content\/uploads\/2025\/05\/modernizace-768x1087.jpg 768w, https:\/\/www.zsmirosovice.cz\/wp-content\/uploads\/2025\/05\/modernizace-1086x1536.jpg 1086w, https:\/\/www.zsmirosovice.cz\/wp-content\/uploads\/2025\/05\/modernizace-1448x2048.jpg 1448w\" sizes=\"auto, (max-width: 1683px) 100vw, 1683px\" \/><img loading=\"lazy\" decoding=\"async\" class=\"alignnone wp-image-1055 size-full\" src=\"https:\/\/www.zsmirosovice.cz\/wp-content\/uploads\/2025\/05\/spolufinance.jpg\" alt=\"spolufinancovano-eu\" width=\"1190\" height=\"1683\" srcset=\"https:\/\/www.zsmirosovice.cz\/wp-content\/uploads\/2025\/05\/spolufinance.jpg 1190w, https:\/\/www.zsmirosovice.cz\/wp-content\/uploads\/2025\/05\/spolufinance-212x300.jpg 212w, https:\/\/www.zsmirosovice.cz\/wp-content\/uploads\/2025\/05\/spolufinance-724x1024.jpg 724w, https:\/\/www.zsmirosovice.cz\/wp-content\/uploads\/2025\/05\/spolufinance-768x1086.jpg 768w, https:\/\/www.zsmirosovice.cz\/wp-content\/uploads\/2025\/05\/spolufinance-1086x1536.jpg 1086w\" sizes=\"auto, (max-width: 1190px) 100vw, 1190px\" \/><\/p>\n<h2><\/h2>\n<h2>Grantov\u00fd program O2 Chytr\u00e1 \u0161kola<\/h2>\n<p>D\u00edky programu O2 Chytr\u00e1 \u0161kola<\/p>\n<p><img loading=\"lazy\" decoding=\"async\" class=\"alignnone wp-image-665 size-full\" src=\"https:\/\/www.zsmirosovice.cz\/wp-content\/uploads\/2024\/03\/O2-Chytra\u0301-s\u030ckola.png\" alt=\"O2-Chytra-skola\" width=\"1201\" height=\"631\" srcset=\"https:\/\/www.zsmirosovice.cz\/wp-content\/uploads\/2024\/03\/O2-Chytra\u0301-s\u030ckola.png 1201w, https:\/\/www.zsmirosovice.cz\/wp-content\/uploads\/2024\/03\/O2-Chytra\u0301-s\u030ckola-300x158.png 300w, https:\/\/www.zsmirosovice.cz\/wp-content\/uploads\/2024\/03\/O2-Chytra\u0301-s\u030ckola-1024x538.png 1024w, https:\/\/www.zsmirosovice.cz\/wp-content\/uploads\/2024\/03\/O2-Chytra\u0301-s\u030ckola-768x404.png 768w\" sizes=\"auto, (max-width: 1201px) 100vw, 1201px\" \/><\/p>\n<hr \/>\n<h2><\/h2>\n<h2><strong class=\"brz-cp-color8\">DOU\u010cOV\u00c1N\u00cd \u017d\u00c1K\u016e \u0160KOL<\/strong><\/h2>\n<p>REALIZACE INVESTICE 3.2.3 N\u00c1RODN\u00cdHO PL\u00c1NU OBNOVY<\/p>\n<p>Investice reaguje na pot\u0159ebu podpory vzd\u011bl\u00e1v\u00e1n\u00ed \u017e\u00e1k\u016f ohro\u017een\u00fdch \u0161koln\u00edm ne\u00fasp\u011bchem v reakci na nemo\u017enost realizace prezen\u010dn\u00ed v\u00fduky ve \u0161kol\u00e1ch b\u011bhem pandemie covid-19.<\/p>\n<p><img loading=\"lazy\" decoding=\"async\" class=\"alignnone wp-image-427 size-full\" src=\"https:\/\/www.zsmirosovice.cz\/wp-content\/uploads\/2023\/02\/zsmirosovice-doucovani-zaku.png\" alt=\"zsmirosovice-doucovani-zaku\" width=\"551\" height=\"731\" srcset=\"https:\/\/www.zsmirosovice.cz\/wp-content\/uploads\/2023\/02\/zsmirosovice-doucovani-zaku.png 551w, https:\/\/www.zsmirosovice.cz\/wp-content\/uploads\/2023\/02\/zsmirosovice-doucovani-zaku-226x300.png 226w\" sizes=\"auto, (max-width: 551px) 100vw, 551px\" \/><\/p>\n<\/div>\n<div>\n<hr \/>\n<\/div>\n<h2><strong class=\"brz-cp-color8\">DIGITALIZUJEME \u0160KOLU<\/strong><\/h2>\n<p>REALIZACE INVESTICE N\u00c1RODN\u00cdHO PL\u00c1NU OBNOVY &#8211; KOMPONENTA 3.1<\/p>\n<\/div>\n<div>V r\u00e1mci komponenty 3.1 Inovace ve vzd\u011bl\u00e1v\u00e1n\u00ed v kontextu digitalizace investice p\u0159isp\u00edv\u00e1 na vybaven\u00ed \u017e\u00e1k\u016f digit\u00e1ln\u00edmi technologiemi pro rozvoj jejich informatick\u00e9ho my\u0161len\u00ed a digit\u00e1ln\u00edch kompetenc\u00ed a na prevenci digit\u00e1ln\u00ed propasti.<\/div>\n<div><\/div>\n<div><img loading=\"lazy\" decoding=\"async\" class=\"alignnone wp-image-428 size-full\" src=\"https:\/\/www.zsmirosovice.cz\/wp-content\/uploads\/2023\/02\/zsmirosovice-digi-skola-npo.png\" alt=\"zsmirosovice-digi-skola-npo\" width=\"580\" height=\"743\" srcset=\"https:\/\/www.zsmirosovice.cz\/wp-content\/uploads\/2023\/02\/zsmirosovice-digi-skola-npo.png 580w, https:\/\/www.zsmirosovice.cz\/wp-content\/uploads\/2023\/02\/zsmirosovice-digi-skola-npo-234x300.png 234w\" sizes=\"auto, (max-width: 580px) 100vw, 580px\" \/><\/div>\n<div>\n<hr \/>\n<h2 data-generated-css=\"brz-css-nfspc\" data-uniq-id=\"szwji\">Rekonstrukce \u0161koln\u00ed \u0161atny &#8211; 20\/005\/19210\/120\/051\/004211<\/h2>\n<p><img loading=\"lazy\" decoding=\"async\" class=\"alignnone wp-image-310 size-full\" src=\"https:\/\/www.zsmirosovice.cz\/wp-content\/uploads\/2022\/08\/projekt-eu-rekonstrukce-satny-zsmirosovice.png\" alt=\"projekt-eu-rekonstrukce-satny-zsmirosovice\" width=\"903\" height=\"637\" srcset=\"https:\/\/www.zsmirosovice.cz\/wp-content\/uploads\/2022\/08\/projekt-eu-rekonstrukce-satny-zsmirosovice.png 903w, https:\/\/www.zsmirosovice.cz\/wp-content\/uploads\/2022\/08\/projekt-eu-rekonstrukce-satny-zsmirosovice-300x212.png 300w, https:\/\/www.zsmirosovice.cz\/wp-content\/uploads\/2022\/08\/projekt-eu-rekonstrukce-satny-zsmirosovice-768x542.png 768w\" sizes=\"auto, (max-width: 903px) 100vw, 903px\" \/><\/p>\n<p><strong>N\u00e1zev projektu:<\/strong> Rekonstrukce \u0161koln\u00ed \u0161atny<\/p>\n<p><strong>Reg. \u010d. projektu:<\/strong> 20\/005\/19210\/120\/051\/004211<\/p>\n<p><strong>Hlavn\u00ed c\u00edl operace:<\/strong> Podpora projekt\u016f kone\u010dn\u00fdch \u017eadatel\u016f napl\u0148uj\u00edc\u00ed c\u00edle SCLLD MAS \u0158\u00ed\u010dansko.<\/p>\n<p><strong>N\u00e1zev operace:<\/strong> Podpora prov\u00e1d\u011bn\u00ed operac\u00ed v r\u00e1mci strategie komunitn\u011b veden\u00e9ho m\u00edstn\u00edho rozvoje<\/p>\n<p>Z\u00e1kladn\u00ed \u0161kola Miro\u0161ovice, okres Praha \u2013 v\u00fdchod realizuje projekt Rekonstrukce \u0161koln\u00ed \u0161atny d\u00edky dotaci z\u00edskan\u00e9 z v\u00fdzvy MAS \u0158\u00ed\u010dansko \u010d. 5 vyhl\u00e1\u0161en\u00e9 v souladu s Programem rozvoje venkova na obdob\u00ed 2014-2020 (Mal\u00e9 projekty na podporu rozvoje a kvality \u017eivota na \u0158\u00ed\u010dansku). D\u00edky realizaci tohoto projektu z\u00e1kladn\u00ed \u0161kola disponuje nov\u00fdm vybaven\u00edm \u0161atny.<\/p>\n<p style=\"text-align: center;\">Projekt je spolufinancovan\u00fd Evropskou uni\u00ed z Evropsk\u00e9ho zem\u011bd\u011blsk\u00e9ho fondu pro rozvoj venkova.<\/p>\n<hr \/>\n<h2><\/h2>\n<h2><strong class=\"brz-cp-color8\">N\u00e1rodn\u00ed pl\u00e1n obnovy<\/strong><\/h2>\n<p data-generated-css=\"brz-css-jmxel\" data-uniq-id=\"txbqp\"><img loading=\"lazy\" decoding=\"async\" src=\"https:\/\/www.zsmirosovice.cz\/wp-content\/uploads\/2022\/06\/narodni-plan-obnovy-300x158.png\" alt=\"narodni-plan-obnovy\" width=\"300\" height=\"158\" \/><\/p>\n<p><span class=\"brz-cp-color4\">Pl\u00e1n reforem a investic \u010cesk\u00e9 republiky, <\/span><span class=\"brz-cp-color4\">kter\u00e9 hodl\u00e1 realizovat v r\u00e1mci vyu\u017eit\u00ed <\/span><span class=\"brz-cp-color4\">prost\u0159edk\u016f N\u00e1stroje pro o\u017eiven\u00ed a odolnost EU.<\/span><\/p>\n<\/div>\n<\/div>\n<\/div>\n<\/div>\n<p><!--more--><\/p>\n<hr \/>\n<h2><\/h2>\n<h2>Z\u0160 Miro\u0161ovice \u0161ablony III<\/h2>\n<p><img loading=\"lazy\" decoding=\"async\" class=\"alignnone wp-image-298 size-full\" src=\"https:\/\/www.zsmirosovice.cz\/wp-content\/uploads\/2022\/06\/letak-zs-mirosovice-eu-sablony-III.png\" alt=\"letak-zs-mirosovice-eu-sablony-III\" width=\"1274\" height=\"897\" srcset=\"https:\/\/www.zsmirosovice.cz\/wp-content\/uploads\/2022\/06\/letak-zs-mirosovice-eu-sablony-III.png 1274w, https:\/\/www.zsmirosovice.cz\/wp-content\/uploads\/2022\/06\/letak-zs-mirosovice-eu-sablony-III-300x211.png 300w, https:\/\/www.zsmirosovice.cz\/wp-content\/uploads\/2022\/06\/letak-zs-mirosovice-eu-sablony-III-1024x721.png 1024w, https:\/\/www.zsmirosovice.cz\/wp-content\/uploads\/2022\/06\/letak-zs-mirosovice-eu-sablony-III-768x541.png 768w\" sizes=\"auto, (max-width: 1274px) 100vw, 1274px\" \/><\/p>\n<p style=\"text-align: left;\"><strong>Datum zah\u00e1jen\u00ed:<\/strong> 1. 9. 2021<\/p>\n<p style=\"text-align: left;\"><strong>P\u0159edpokl\u00e1dan\u00e9 datum ukon\u010den\u00ed:<\/strong> 30. 6. 2023<\/p>\n<p style=\"text-align: left;\"><strong>Anotace projektu:<\/strong> Projekt je zam\u011b\u0159en na jedno z\/kombinaci n\u00e1sleduj\u00edc\u00edch t\u00e9mat: person\u00e1ln\u00ed podpora, osobnostn\u011b profesn\u00ed rozvoj pedagog\u016f, spole\u010dn\u00e9 vzd\u011bl\u00e1v\u00e1n\u00ed d\u011bt\u00ed\/\u017e\u00e1k\u016f\/\u00fa\u010dastn\u00edk\u016f, podpora extrakurikul\u00e1rn\u00edch\/rozvojov\u00fdch aktivit, aktivity rozv\u00edjej\u00edc\u00ed ICT, spolupr\u00e1ce s rodi\u010di d\u011bt\u00ed\/\u017e\u00e1k\u016f\/\u00fa\u010dastn\u00edk\u016f, spolupr\u00e1ce s ve\u0159ejnost\u00ed.<\/p>\n<p style=\"text-align: left;\"><strong>C\u00edl projektu:<\/strong> Soci\u00e1ln\u00ed integrace d\u011bt\u00ed a \u017e\u00e1k\u016f v\u010detn\u011b za\u010dle\u0148ov\u00e1n\u00ed romsk\u00fdch d\u011bt\u00ed do vzd\u011bl\u00e1v\u00e1n\u00ed. Zv\u00fd\u0161en\u00ed kvality vzd\u011bl\u00e1v\u00e1n\u00ed a odborn\u00e9 p\u0159\u00edpravy v\u010detn\u011b pos\u00edlen\u00ed jejich relevance pro trh pr\u00e1ce. Kvalitn\u00ed podm\u00ednky pro inkluz\u00edvn\u00ed vzd\u011bl\u00e1v\u00e1n\u00ed.<\/p>\n<p>V\u00edce informac\u00ed o projektu naleznete <a href=\"http:\/\/www.zsmirosovice.cz\/download\/projekty\/zs-mirosovice-sablony-III.pdf\">v p\u0159ilo\u017een\u00e9m dokumentu (pdf)<\/a>.<\/p>\n<p style=\"text-align: center;\">Projekt \u201eZ\u0160 Miro\u0161ovice \u0161ablony III je spolufinancov\u00e1n Evropskou uni\u00ed\u201c<br \/>\nOpera\u010dn\u00ed program V\u00fdzkum, v\u00fdvoj a vzd\u011bl\u00e1v\u00e1n\u00ed<\/p>\n<hr \/>\n<h2><\/h2>\n<h2>Modernizace a transformace Z\u0160 Miro\u0161ovice<\/h2>\n<p>V listopadu 2010 byla zah\u00e1jena realizace projektu \u201eModernizace a transformace Z\u0160 Miro\u0161ovice\u201c, akce financovan\u00e9 z evropsk\u00fdch pen\u011bz, konkr\u00e9tn\u011b z oblasti podpory Region\u00e1ln\u00edho opera\u010dn\u00edho programu (ROP) pro St\u0159edn\u00ed \u010cechy Rozvoj venkova \u2013 prioritn\u00ed osa Integrovan\u00fd rozvoj \u00fazem\u00ed. P\u0159estavba prob\u00edhala 10 m\u011bs\u00edc\u016f za pln\u00e9ho provozu.<\/p>\n<p>Projekt zahrnoval:<\/p>\n<ul>\n<li>v\u00fdstavbu nov\u00e9 t\u011blocvi\u010dn\u00e9 haly (26&#215;14 m, povrch Taraflex),<\/li>\n<li>v\u00fdstavbu nov\u00e9 multimedi\u00e1ln\u00ed u\u010debny (12x PC, dataprojektor, interaktivn\u00ed tabule),<\/li>\n<li>nov\u00e9 \u0161atny a soci\u00e1ln\u00ed za\u0159\u00edzen\u00ed,<\/li>\n<li>rekonstrukce budov M\u0160 a Z\u0160 (zateplen\u00ed, nov\u00e1 fas\u00e1da a st\u0159e\u0161n\u00ed krytina, nov\u00fd topn\u00fd syst\u00e9m,<br \/>\nbezbari\u00e9rov\u00fd vstup \u2013 v\u00fdtah, nov\u00e9 podlahy, dve\u0159e, apod.),<\/li>\n<li>ter\u00e9nn\u00ed \u00fapravy.<\/li>\n<\/ul>\n<p>Tento projekt za t\u00e9m\u011b\u0159 23 mil. K\u010d byl z 50 % podpo\u0159en prost\u0159edky z ROP, druh\u00fdch 50 % tvo\u0159ily vlastn\u00ed zdroje obce Miro\u0161ovice. Gener\u00e1ln\u00edm zhotovitelem d\u00edla se stala bene\u0161ovsk\u00e1 firma Sl\u00e1dek Group, multimedi\u00e1ln\u00ed u\u010debnu vybavila spole\u010dnost AV Media.<\/p>\n<p>O letn\u00edch pr\u00e1zdnin\u00e1ch 2012 Obec Miro\u0161ovice dokon\u010dila obnovu zahrady a d\u011btsk\u00e9ho h\u0159i\u0161t\u011b ve \u0161koln\u00edm are\u00e1lu. \u00dapravou \u0161koln\u00ed zahrady (v\u00fdsadba zelen\u011b) a realizac\u00ed h\u0159i\u0161t\u011b (nov\u00e9 hern\u00ed prvky, p\u00edskovi\u0161t\u011b, m\u011bkk\u00fd hrac\u00ed povrch m\u00edsto asfaltu, men\u0161\u00ed branky, d\u0159ev\u011bn\u00fd alt\u00e1n, a dal\u0161\u00ed) je tak ukon\u010dena n\u00e1ro\u010dn\u00e1 p\u0159estavba \u0161koln\u00edho are\u00e1lu.<\/p>\n","protected":false},"excerpt":{"rendered":"<p>Modernizace u\u010deben Z\u0160 Miro\u0161ovice &#8211; spolufinancov\u00e1no z EU Grantov\u00fd program O2 Chytr\u00e1 \u0161kola D\u00edky programu O2 Chytr\u00e1 \u0161kola DOU\u010cOV\u00c1N\u00cd \u017d\u00c1K\u016e \u0160KOL REALIZACE INVESTICE 3.2.3 N\u00c1RODN\u00cdHO PL\u00c1NU OBNOVY Investice reaguje na pot\u0159ebu podpory vzd\u011bl\u00e1v\u00e1n\u00ed \u017e\u00e1k\u016f ohro\u017een\u00fdch \u0161koln\u00edm ne\u00fasp\u011bchem v reakci na [&hellip;]<\/p>\n","protected":false},"author":8,"featured_media":0,"parent":0,"menu_order":0,"comment_status":"closed","ping_status":"closed","template":"","meta":{"footnotes":""},"class_list":["post-59","page","type-page","status-publish","hentry"],"_links":{"self":[{"href":"https:\/\/www.zsmirosovice.cz\/index.php\/wp-json\/wp\/v2\/pages\/59","targetHints":{"allow":["GET"]}}],"collection":[{"href":"https:\/\/www.zsmirosovice.cz\/index.php\/wp-json\/wp\/v2\/pages"}],"about":[{"href":"https:\/\/www.zsmirosovice.cz\/index.php\/wp-json\/wp\/v2\/types\/page"}],"author":[{"embeddable":true,"href":"https:\/\/www.zsmirosovice.cz\/index.php\/wp-json\/wp\/v2\/users\/8"}],"replies":[{"embeddable":true,"href":"https:\/\/www.zsmirosovice.cz\/index.php\/wp-json\/wp\/v2\/comments?post=59"}],"version-history":[{"count":26,"href":"https:\/\/www.zsmirosovice.cz\/index.php\/wp-json\/wp\/v2\/pages\/59\/revisions"}],"predecessor-version":[{"id":1059,"href":"https:\/\/www.zsmirosovice.cz\/index.php\/wp-json\/wp\/v2\/pages\/59\/revisions\/1059"}],"wp:attachment":[{"href":"https:\/\/www.zsmirosovice.cz\/index.php\/wp-json\/wp\/v2\/media?parent=59"}],"curies":[{"name":"wp","href":"https:\/\/api.w.org\/{rel}","templated":true}]}}