{"id":61,"date":"2022-01-03T23:17:11","date_gmt":"2022-01-03T22:17:11","guid":{"rendered":"https:\/\/www.zsmirosovice.cz\/?page_id=61"},"modified":"2025-08-26T15:02:59","modified_gmt":"2025-08-26T13:02:59","slug":"tridy","status":"publish","type":"page","link":"https:\/\/www.zsmirosovice.cz\/index.php\/tridy\/","title":{"rendered":"T\u0159\u00eddy"},"content":{"rendered":"<p><a href=\"https:\/\/drive.google.com\/file\/d\/1GYwhwivFfrofbEWjlEK6GuU_ro3XmfDl\/view?usp=drive_link\">Rozvrhy pro jednotliv\u00e9 t\u0159\u00eddy<\/a> jsou dostupn\u00e9 po p\u0159ihl\u00e1\u0161en\u00ed na \u0161koln\u00ed \u00fa\u010det Google.<\/p>\n<h2>1. ro\u010dn\u00edk<\/h2>\n<p>T\u0159\u00eddn\u00ed u\u010ditel: Mgr. Blanka \u0160\u00edlen\u00e1 (<a href=\"mailto:blanka.silena@zsmirosovice.cz\">blanka.silena@zsmirosovice.cz<\/a>)<\/p>\n<p>Po\u010det \u017e\u00e1k\u016f: 22, z toho 10 d\u00edvek<\/p>\n<h2>2. ro\u010dn\u00edk<\/h2>\n<p>T\u0159\u00eddn\u00ed u\u010ditel: \u0160t\u011bp\u00e1nka P\u00e1vov\u00e1 (<a href=\"mailto:stepanka.pavova@zsmirosovice.cz\">stepanka.pavova@zsmirosovice.cz<\/a>)<\/p>\n<p>Po\u010det \u017e\u00e1k\u016f: 20, z toho 8 d\u00edvek<\/p>\n<h2>3. ro\u010dn\u00edk<\/h2>\n<p>T\u0159\u00eddn\u00ed u\u010ditel: Mgr. Bc. Marcela \u0160ilhav\u00e1 (<a href=\"mailto:marcela.silhava@zsmirosovice.cz\">marcela.silhava@zsmirosovice.cz<\/a>)<\/p>\n<p>Po\u010det \u017e\u00e1k\u016f: 17, z toho 5 d\u00edvek<\/p>\n<h2>4. ro\u010dn\u00edk<\/h2>\n<p>T\u0159\u00eddn\u00ed u\u010ditel: Mgr. Dagmar Pilousov\u00e1 (<a href=\"mailto:dagmar.pilousova@zsmirosovice.cz\">dagmar.pilousova@zsmirosovice.cz<\/a>)<\/p>\n<p>Po\u010det \u017e\u00e1k\u016f: 20, z toho 10 d\u00edvek<\/p>\n<h2>5. ro\u010dn\u00edk<\/h2>\n<p>T\u0159\u00eddn\u00ed u\u010ditel: Mgr. et Mgr. Tereza Vokat\u00e1 (<a href=\"mailto:tereza.vokata@zsmirosovice.cz\">tereza.vokata@zsmirosovice.cz<\/a>)<\/p>\n<p>Po\u010det \u017e\u00e1k\u016f: 21, z toho 10 d\u00edvek<\/p>\n","protected":false},"excerpt":{"rendered":"<p>Rozvrhy pro jednotliv\u00e9 t\u0159\u00eddy jsou dostupn\u00e9 po p\u0159ihl\u00e1\u0161en\u00ed na \u0161koln\u00ed \u00fa\u010det Google. 1. ro\u010dn\u00edk T\u0159\u00eddn\u00ed u\u010ditel: Mgr. Blanka \u0160\u00edlen\u00e1 (blanka.silena@zsmirosovice.cz) Po\u010det \u017e\u00e1k\u016f: 22, z toho 10 d\u00edvek 2. ro\u010dn\u00edk T\u0159\u00eddn\u00ed u\u010ditel: \u0160t\u011bp\u00e1nka P\u00e1vov\u00e1 (stepanka.pavova@zsmirosovice.cz) Po\u010det \u017e\u00e1k\u016f: 20, z toho 8 [&hellip;]<\/p>\n","protected":false},"author":8,"featured_media":0,"parent":0,"menu_order":0,"comment_status":"closed","ping_status":"closed","template":"","meta":{"footnotes":""},"class_list":["post-61","page","type-page","status-publish","hentry"],"_links":{"self":[{"href":"https:\/\/www.zsmirosovice.cz\/index.php\/wp-json\/wp\/v2\/pages\/61","targetHints":{"allow":["GET"]}}],"collection":[{"href":"https:\/\/www.zsmirosovice.cz\/index.php\/wp-json\/wp\/v2\/pages"}],"about":[{"href":"https:\/\/www.zsmirosovice.cz\/index.php\/wp-json\/wp\/v2\/types\/page"}],"author":[{"embeddable":true,"href":"https:\/\/www.zsmirosovice.cz\/index.php\/wp-json\/wp\/v2\/users\/8"}],"replies":[{"embeddable":true,"href":"https:\/\/www.zsmirosovice.cz\/index.php\/wp-json\/wp\/v2\/comments?post=61"}],"version-history":[{"count":15,"href":"https:\/\/www.zsmirosovice.cz\/index.php\/wp-json\/wp\/v2\/pages\/61\/revisions"}],"predecessor-version":[{"id":1090,"href":"https:\/\/www.zsmirosovice.cz\/index.php\/wp-json\/wp\/v2\/pages\/61\/revisions\/1090"}],"wp:attachment":[{"href":"https:\/\/www.zsmirosovice.cz\/index.php\/wp-json\/wp\/v2\/media?parent=61"}],"curies":[{"name":"wp","href":"https:\/\/api.w.org\/{rel}","templated":true}]}}