{"id":62,"date":"2022-01-03T23:17:11","date_gmt":"2022-01-03T22:17:11","guid":{"rendered":"https:\/\/www.zsmirosovice.cz\/?page_id=62"},"modified":"2025-08-26T14:54:27","modified_gmt":"2025-08-26T12:54:27","slug":"organizace-sk-roku","status":"publish","type":"page","link":"https:\/\/www.zsmirosovice.cz\/index.php\/organizace-sk-roku\/","title":{"rendered":"Organizace \u0161k. roku"},"content":{"rendered":"<h2><strong>Organizace \u0161koln\u00edho roku 2025\/ 2026<\/strong><\/h2>\n<h3>Obdob\u00ed \u0161koln\u00edho vyu\u010dov\u00e1n\u00ed :<\/h3>\n<h3>I. pololet\u00ed :<\/h3>\n<p>pond\u011bl\u00ed 1. z\u00e1\u0159\u00ed 2025 &#8211; \u010dtvrtek 29. ledna 2026<\/p>\n<h3>II. pololet\u00ed :<\/h3>\n<p>pond\u011bl\u00ed 2. \u00fanora 2026 \u2013 \u00fater\u00fd 30. \u010dervna 2026<\/p>\n<h3><u>Podzimn\u00ed pr\u00e1zdniny<\/u> :<\/h3>\n<p>pond\u011bl\u00ed 27. \u0159\u00edjna a st\u0159eda 29. \u0159\u00edjna 2025<\/p>\n<h3><u>V\u00e1no\u010dn\u00ed pr\u00e1zdniny<\/u> :<\/h3>\n<p>pond\u011bl\u00ed 22. prosince 2025 \u2013 p\u00e1tek 2. ledna 2026<br \/>\n(vyu\u010dov\u00e1n\u00ed za\u010dne v pond\u011bl\u00ed 5. ledna 2026)<\/p>\n<h3><u>Jednodenn\u00ed pololetn\u00ed pr\u00e1zdniny <\/u>:<\/h3>\n<p>p\u00e1tek 30. ledna 2026<\/p>\n<h3><u>Jarn\u00ed pr\u00e1zdniny pro okres Praha &#8211; v\u00fdchod<\/u> :<\/h3>\n<p>pond\u011bl\u00ed 2. 3.\u00a0 \u2013\u00a0 p\u00e1tek 6. 3. 2026<br \/>\n(vyu\u010dov\u00e1n\u00ed za\u010dne v pond\u011bl\u00ed 9. b\u0159ezna 2026 )<\/p>\n<h3><u>Velikono\u010dn\u00ed pr\u00e1zdniny<\/u> :<\/h3>\n<p>\u010dtvrtek 2. dubna 2026<\/p>\n<h3><u>Hlavn\u00ed pr\u00e1zdniny :<\/u><\/h3>\n<p>st\u0159eda 1. \u010dervence 2026 \u2013 pond\u011bl\u00ed 31. srpna 2026<\/p>\n<p>&nbsp;<\/p>\n<p><u>\u0160koln\u00ed rok 2026\/2027 za\u010dne v \u00fater\u00fd 1. z\u00e1\u0159\u00ed 2026<\/u><\/p>\n","protected":false},"excerpt":{"rendered":"<p>Organizace \u0161koln\u00edho roku 2025\/ 2026 Obdob\u00ed \u0161koln\u00edho vyu\u010dov\u00e1n\u00ed : I. pololet\u00ed : pond\u011bl\u00ed 1. z\u00e1\u0159\u00ed 2025 &#8211; \u010dtvrtek 29. ledna 2026 II. pololet\u00ed : pond\u011bl\u00ed 2. \u00fanora 2026 \u2013 \u00fater\u00fd 30. \u010dervna 2026 Podzimn\u00ed pr\u00e1zdniny : pond\u011bl\u00ed 27. \u0159\u00edjna a [&hellip;]<\/p>\n","protected":false},"author":8,"featured_media":0,"parent":0,"menu_order":0,"comment_status":"closed","ping_status":"closed","template":"","meta":{"footnotes":""},"class_list":["post-62","page","type-page","status-publish","hentry"],"_links":{"self":[{"href":"https:\/\/www.zsmirosovice.cz\/index.php\/wp-json\/wp\/v2\/pages\/62","targetHints":{"allow":["GET"]}}],"collection":[{"href":"https:\/\/www.zsmirosovice.cz\/index.php\/wp-json\/wp\/v2\/pages"}],"about":[{"href":"https:\/\/www.zsmirosovice.cz\/index.php\/wp-json\/wp\/v2\/types\/page"}],"author":[{"embeddable":true,"href":"https:\/\/www.zsmirosovice.cz\/index.php\/wp-json\/wp\/v2\/users\/8"}],"replies":[{"embeddable":true,"href":"https:\/\/www.zsmirosovice.cz\/index.php\/wp-json\/wp\/v2\/comments?post=62"}],"version-history":[{"count":14,"href":"https:\/\/www.zsmirosovice.cz\/index.php\/wp-json\/wp\/v2\/pages\/62\/revisions"}],"predecessor-version":[{"id":1086,"href":"https:\/\/www.zsmirosovice.cz\/index.php\/wp-json\/wp\/v2\/pages\/62\/revisions\/1086"}],"wp:attachment":[{"href":"https:\/\/www.zsmirosovice.cz\/index.php\/wp-json\/wp\/v2\/media?parent=62"}],"curies":[{"name":"wp","href":"https:\/\/api.w.org\/{rel}","templated":true}]}}