{"id":63,"date":"2022-01-03T23:17:11","date_gmt":"2022-01-03T22:17:11","guid":{"rendered":"https:\/\/www.zsmirosovice.cz\/?page_id=63"},"modified":"2024-09-02T13:10:03","modified_gmt":"2024-09-02T11:10:03","slug":"zajmova-cinnost","status":"publish","type":"page","link":"https:\/\/www.zsmirosovice.cz\/index.php\/zajmova-cinnost\/","title":{"rendered":"Z\u00e1jmov\u00e1 \u010dinnost"},"content":{"rendered":"<h2>KROU\u017dEK P\u00cdSKLATA<\/h2>\n<p><strong>Mil\u00ed rodi\u010de!<\/strong><\/p>\n<p>Nab\u00edz\u00edm voln\u00e1 m\u00edsta pro za\u010d\u00e1te\u010dn\u00edky v krou\u017eku P\u00edsklata.<\/p>\n<p><strong>Krou\u017eek je zam\u011b\u0159en na:<\/strong><\/p>\n<ul>\n<li>v\u00fduku z\u00e1klad\u016fm hry na zobcovou fl\u00e9tnu,<\/li>\n<li>seznamov\u00e1n\u00ed s t\u00f3ny a notami nen\u00e1silnou hravou formou,<\/li>\n<\/ul>\n<p><strong>Komu je krou\u017eek ur\u010den?<\/strong><\/p>\n<ul>\n<li>v\u0161em d\u011btem star\u0161\u00edm 5 let,<\/li>\n<li>d\u011btem projevuj\u00edc\u00edm ji\u017e nyn\u00ed nad\u0161en\u00ed pro hudbu a p\u00edsni\u010dky,<\/li>\n<li>d\u011btem s dlouhodob\u00fdmi zdravotn\u00edmi pot\u00ed\u017eemi d\u00fdchac\u00ed soustavy.<\/li>\n<\/ul>\n<p><strong>P\u0159edpokl\u00e1dan\u00fd \u010das kon\u00e1n\u00ed:<\/strong> <span style=\"text-decoration: underline;\">p\u00e1tek od 12,20 &#8211; 13,05 a za\u010d\u00edn\u00e1me 20.9.2024<br \/>\n<\/span><\/p>\n<p><strong>Pot\u0159ebujete: <\/strong>Kvalitn\u00ed sipr\u00e1novou zobcovou fl\u00e9tnu s barokn\u00edm prstokladem, ide\u00e1ln\u011b zna\u010dky Yamaha \u010di Aulos. (doporu\u010duji n\u00e1kup na <a href=\"https:\/\/www.kytary.cz\">www.kytary.cz<\/a> \u010di <a href=\"https:\/\/www.cmias.cz\">www.cmias.cz).<\/a><\/p>\n<p><strong>Cena:<\/strong> 110,- K\u010d\/lekci p\u0159i po\u010dtu 6 a v\u00edce d\u011bt\u00ed (max. 8 v 1 skupin\u011b), 130,-\/lekci v p\u0159\u00edpad\u011b nahl\u00e1\u0161en\u00ed pouze 4-5 d\u011bt\u00ed. P\u0159edpokl\u00e1dan\u00fd po\u010det lekc\u00ed na 1. pololet\u00ed je cca 17 &#8211; 18.<\/p>\n<p><strong>Dal\u0161\u00ed platby:<\/strong> 170,- K\u010d za zp\u011bvn\u00edk za\u010d\u00e1te\u010dn\u00edci.<\/p>\n<p><strong>Platba:<\/strong> <span style=\"text-decoration: underline;\">Plat\u00ed se v\u017edy kurzovn\u00e9 za 1 pololet\u00ed, bezhotovostn\u011b. Splatnost platby za 1. pololet\u00ed je do konce z\u00e1\u0159\u00ed.<\/span> V p\u0159\u00edpad\u011b, \u017ee odpadnou kv\u016fli m\u00e9 nemoci n\u011bkter\u00e9 hodiny a nebude je mo\u017eno nahradit, bude V\u00e1m p\u0159eplatek kurzovn\u00e9ho vr\u00e1cen, p\u0159\u00edpadn\u011b ode\u010dten z platby na dal\u0161\u00ed pololet\u00ed.<\/p>\n<p><strong>V p\u0159\u00edpad\u011b, \u017ee m\u00e1te z\u00e1jem Va\u0161e d\u011bti p\u0159ihl\u00e1sit do krou\u017eku, volejte tel. \u010d. 774 21 61 89, \u010di pi\u0161te na e-mail balvankova@seznam.cz.<\/strong><\/p>\n<p><strong>S pozdravem Mgr. Hana Sk\u00e1lov\u00e1<\/strong><\/p>\n<p>&nbsp;<\/p>\n<h2>KROU\u017dEK ANGLI\u010cTINY<\/h2>\n<p>1. pololet\u00ed: 30.9.2024 \u2013 27.1.2025 (15 lekc\u00ed)<br \/>\nPokud by n\u011bjak\u00e1 hodina odpadla, bude ode\u010dtena z 2. pololet\u00ed.<\/p>\n<p>2. pololet\u00ed: 3.2.2025 \u2013 2.6.2025 (16 lekc\u00ed)<br \/>\nPokud by n\u011bjak\u00e1 hodina odpadla, bude nahrazena koncem \u010dervna.<\/p>\n<p><strong>P\u0159edpokl\u00e1dan\u00e9 \u010dasy:<\/strong><\/p>\n<ul>\n<li>Pond\u011bl\u00ed mezi 13:00 a 15:30, p\u0159\u00edpadn\u011b st\u0159eda 13:00 \u2013 13:45<\/li>\n<\/ul>\n<p><strong>Ceny za lekci (45 min, skupiny od dvou do \u0161esti \u017e\u00e1k\u016f, dle po\u010dtu p\u0159ihl\u00e1\u0161en\u00fdch d\u011bt\u00ed):<\/strong><\/p>\n<ul>\n<li>dv\u011b d\u011bti ve skupin\u011b: 250,- K\u010d\/d\u00edt\u011b.<\/li>\n<li>t\u0159i d\u011bti ve skupin\u011b: 200,- K\u010d\/d\u00edt\u011b.<\/li>\n<li>\u010dty\u0159i d\u011bti ve skupin\u011b: 180,- K\u010d\/d\u00edt\u011b.<\/li>\n<li>p\u011bt a\u017e \u0161est d\u011bt\u00ed ve skupin\u011b:160,- K\u010d\/d\u00edt\u011b.<\/li>\n<\/ul>\n<p>Cena krou\u017eku bude up\u0159esn\u011bna podle po\u010dtu p\u0159ihl\u00e1\u0161en\u00fdch d\u011bt\u00ed.<br \/>\nCeny zahrnuj\u00ed poplatek za vyu\u017eit\u00ed u\u010debny.<br \/>\nPlatba bezhotovostn\u011b v\u017edy za cel\u00e9 pololet\u00ed.<\/p>\n<p><strong>N\u00e1pl\u0148 krou\u017eku:<\/strong><\/p>\n<ul>\n<li>1. t\u0159\u00edda: hry, p\u00edsni\u010dky, poslechy, slov\u00ed\u010dka ve form\u011b obr\u00e1zk\u016f spojujeme v jednoduch\u00e9 v\u011bty.<\/li>\n<li>2. t\u0159\u00edda: p\u00edsni\u010dky, poslechy, za\u010d\u00edn\u00e1me ps\u00e1t jednotliv\u00e1 slov\u00ed\u010dka, tvo\u0159\u00edme si slovn\u00ed\u010dek ve form\u011b karti\u010dek, se kter\u00fdmi d\u00e1le pracujeme a hrajeme hry.<\/li>\n<li>3. t\u0159\u00edda: poslechy, zam\u011b\u0159ujeme se na mluven\u00ed, za\u010d\u00edn\u00e1me s jednoduchou gramatikou, hry.<\/li>\n<li>4. t\u0159\u00edda (5. t\u0159\u00edda): d\u00e1le rozv\u00edj\u00edme mluven\u00ed, psan\u00ed, gramatiku, poslechy, hry.<\/li>\n<\/ul>\n<p>P\u0159esto\u017ee si v krou\u017eku, hlavn\u011b s mlad\u0161\u00edmi d\u011btmi, hodn\u011b hrajeme, je t\u0159eba, aby se d\u00edt\u011b dok\u00e1zalo aspo\u0148 trochu soust\u0159edit. Pro n\u011bkter\u00e9 d\u011bti to m\u016f\u017ee b\u00fdt po skon\u010den\u00ed vyu\u010dov\u00e1n\u00ed probl\u00e9m, vezm\u011bte to pros\u00edm v \u00favahu<br \/>\np\u0159i p\u0159ihla\u0161ov\u00e1n\u00ed d\u00edt\u011bte.<\/p>\n<p>D\u011bti p\u0159ihla\u0161ujte na email: <strong>chylova.dasha@gmail.com<\/strong><\/p>\n<p>Uve\u010fte pros\u00edm, jak\u00fd \u010das, p\u0159\u00edpadn\u011b po\u010det \u017e\u00e1k\u016f, \u010di cena je pro v\u00e1s akceptovateln\u00e1.<\/p>\n<p>P\u0159\u00edpadn\u00e9 dotazy mailem nebo na telefonu: <strong>777 634 603<\/strong> (od 4. do 20. 9. budu mimo roamingovou z\u00f3nu, budu odpov\u00eddat na mail, sms, p\u0159\u00edpadn\u011b zavol\u00e1m zp\u00e1tky dle mo\u017enost\u00ed).<\/p>\n<p>Po\u010det \u017e\u00e1k\u016f v krou\u017eku je omezen, proto p\u0159ihlaste d\u00edte v\u010das. P\u0159ednost maj\u00ed d\u011bti, kter\u00e9 v krou\u017eku pokra\u010duj\u00ed z minul\u00e9ho roku.<\/p>\n<p>&nbsp;<\/p>\n<h2>KROU\u017dEK FLORBALU<\/h2>\n<p>V\u00edce informac\u00ed zde: <a href=\"https:\/\/www.zsmirosovice.cz\/index.php\/florbalovy-krouzek\/\">https:\/\/www.zsmirosovice.cz\/index.php\/florbalovy-krouzek\/<\/a><\/p>\n<p>&nbsp;<\/p>\n<h2>TANE\u010cN\u00cd P\u0158\u00cdPRAVA<\/h2>\n<p>V\u00edce informac\u00ed zde: <a href=\"https:\/\/www.zsmirosovice.cz\/index.php\/839\/\">https:\/\/www.zsmirosovice.cz\/index.php\/839\/<\/a><\/p>\n","protected":false},"excerpt":{"rendered":"<p>KROU\u017dEK P\u00cdSKLATA Mil\u00ed rodi\u010de! Nab\u00edz\u00edm voln\u00e1 m\u00edsta pro za\u010d\u00e1te\u010dn\u00edky v krou\u017eku P\u00edsklata. Krou\u017eek je zam\u011b\u0159en na: v\u00fduku z\u00e1klad\u016fm hry na zobcovou fl\u00e9tnu, seznamov\u00e1n\u00ed s t\u00f3ny a notami nen\u00e1silnou hravou formou, Komu je krou\u017eek ur\u010den? v\u0161em d\u011btem star\u0161\u00edm 5 let, d\u011btem [&hellip;]<\/p>\n","protected":false},"author":8,"featured_media":0,"parent":0,"menu_order":0,"comment_status":"closed","ping_status":"closed","template":"","meta":{"footnotes":""},"class_list":["post-63","page","type-page","status-publish","hentry"],"_links":{"self":[{"href":"https:\/\/www.zsmirosovice.cz\/index.php\/wp-json\/wp\/v2\/pages\/63","targetHints":{"allow":["GET"]}}],"collection":[{"href":"https:\/\/www.zsmirosovice.cz\/index.php\/wp-json\/wp\/v2\/pages"}],"about":[{"href":"https:\/\/www.zsmirosovice.cz\/index.php\/wp-json\/wp\/v2\/types\/page"}],"author":[{"embeddable":true,"href":"https:\/\/www.zsmirosovice.cz\/index.php\/wp-json\/wp\/v2\/users\/8"}],"replies":[{"embeddable":true,"href":"https:\/\/www.zsmirosovice.cz\/index.php\/wp-json\/wp\/v2\/comments?post=63"}],"version-history":[{"count":13,"href":"https:\/\/www.zsmirosovice.cz\/index.php\/wp-json\/wp\/v2\/pages\/63\/revisions"}],"predecessor-version":[{"id":851,"href":"https:\/\/www.zsmirosovice.cz\/index.php\/wp-json\/wp\/v2\/pages\/63\/revisions\/851"}],"wp:attachment":[{"href":"https:\/\/www.zsmirosovice.cz\/index.php\/wp-json\/wp\/v2\/media?parent=63"}],"curies":[{"name":"wp","href":"https:\/\/api.w.org\/{rel}","templated":true}]}}