{"id":64,"date":"2022-01-03T23:17:11","date_gmt":"2022-01-03T22:17:11","guid":{"rendered":"https:\/\/www.zsmirosovice.cz\/?page_id=64"},"modified":"2022-08-23T20:31:43","modified_gmt":"2022-08-23T18:31:43","slug":"pomucky","status":"publish","type":"page","link":"https:\/\/www.zsmirosovice.cz\/index.php\/pomucky\/","title":{"rendered":"Pom\u016fcky"},"content":{"rendered":"<h2>Pom\u016fcky na nov\u00fd \u0161koln\u00ed rok 2022\/23<\/h2>\n<p>Pros\u00edme v\u0161echny rodi\u010de a z\u00e1konn\u00e9 z\u00e1stupce, aby sv\u00fdm d\u011btem p\u0159ichystali na nov\u00fd \u0161koln\u00ed rok n\u00e1sleduj\u00edc\u00ed pom\u016fcky:<\/p>\n<ul>\n<li>tempery, vodovky, voskovky<\/li>\n<li>z\u00e1st\u011bra<\/li>\n<li>ubrus na zakryt\u00ed lavice<\/li>\n<li>had\u0159\u00edk<\/li>\n<li>kel\u00edmek<\/li>\n<li>sada \u0161t\u011btc\u016f (kulat\u00e9 a ploch\u00e9)<\/li>\n<li>n\u016f\u017eky, lepidlo<\/li>\n<li>model\u00edna<\/li>\n<li>20 \u010dtvrtek A4<\/li>\n<li>10 \u010dtvrtek A3<\/li>\n<li>barevn\u00e9 pap\u00edry<\/li>\n<li>kru\u017e\u00edtko, mikrotu\u017eka, troj\u00faheln\u00edk s ryskou (4. + 5. ro\u010dn\u00edk)<\/li>\n<li>\u010dern\u00e9 fixy permanent tenk\u00fd + siln\u00fd<\/li>\n<li>hrnek na pit\u00ed<\/li>\n<li>ru\u010dn\u00edk<\/li>\n<li>p\u0159ez\u016fvky se sv\u011btlou podr\u00e1\u017ekou<\/li>\n<li>TV \u2013 sportovn\u00ed obuv se sv\u011btlou podr\u00e1\u017ekou<\/li>\n<li>obaly na se\u0161ity i knihy<\/li>\n<li>2 bal\u00ed\u010dky pap\u00edrov\u00fdch kapesn\u00edk\u016f<\/li>\n<li>bal\u00edk toaletn\u00edho pap\u00edru<\/li>\n<\/ul>\n","protected":false},"excerpt":{"rendered":"<p>Pom\u016fcky na nov\u00fd \u0161koln\u00ed rok 2022\/23 Pros\u00edme v\u0161echny rodi\u010de a z\u00e1konn\u00e9 z\u00e1stupce, aby sv\u00fdm d\u011btem p\u0159ichystali na nov\u00fd \u0161koln\u00ed rok n\u00e1sleduj\u00edc\u00ed pom\u016fcky: tempery, vodovky, voskovky z\u00e1st\u011bra ubrus na zakryt\u00ed lavice had\u0159\u00edk kel\u00edmek sada \u0161t\u011btc\u016f (kulat\u00e9 a ploch\u00e9) n\u016f\u017eky, lepidlo model\u00edna [&hellip;]<\/p>\n","protected":false},"author":8,"featured_media":0,"parent":0,"menu_order":0,"comment_status":"closed","ping_status":"closed","template":"","meta":{"footnotes":""},"class_list":["post-64","page","type-page","status-publish","hentry"],"_links":{"self":[{"href":"https:\/\/www.zsmirosovice.cz\/index.php\/wp-json\/wp\/v2\/pages\/64","targetHints":{"allow":["GET"]}}],"collection":[{"href":"https:\/\/www.zsmirosovice.cz\/index.php\/wp-json\/wp\/v2\/pages"}],"about":[{"href":"https:\/\/www.zsmirosovice.cz\/index.php\/wp-json\/wp\/v2\/types\/page"}],"author":[{"embeddable":true,"href":"https:\/\/www.zsmirosovice.cz\/index.php\/wp-json\/wp\/v2\/users\/8"}],"replies":[{"embeddable":true,"href":"https:\/\/www.zsmirosovice.cz\/index.php\/wp-json\/wp\/v2\/comments?post=64"}],"version-history":[{"count":4,"href":"https:\/\/www.zsmirosovice.cz\/index.php\/wp-json\/wp\/v2\/pages\/64\/revisions"}],"predecessor-version":[{"id":317,"href":"https:\/\/www.zsmirosovice.cz\/index.php\/wp-json\/wp\/v2\/pages\/64\/revisions\/317"}],"wp:attachment":[{"href":"https:\/\/www.zsmirosovice.cz\/index.php\/wp-json\/wp\/v2\/media?parent=64"}],"curies":[{"name":"wp","href":"https:\/\/api.w.org\/{rel}","templated":true}]}}